{"id":1380,"date":"2025-06-30T16:02:17","date_gmt":"2025-06-30T16:02:17","guid":{"rendered":"http:\/\/web.observatorioagro.gob.bo\/?page_id=1380"},"modified":"2025-08-21T17:19:54","modified_gmt":"2025-08-21T17:19:54","slug":"base-de-datos","status":"publish","type":"page","link":"https:\/\/observatorioagro.gob.bo\/?page_id=1380","title":{"rendered":"Base de datos"},"content":{"rendered":"\t\t<div data-elementor-type=\"wp-page\" data-elementor-id=\"1380\" class=\"elementor elementor-1380\" data-elementor-post-type=\"page\">\n\t\t\t\t<div class=\"elementor-element elementor-element-f4e0966 e-flex e-con-boxed e-con e-parent\" data-id=\"f4e0966\" data-element_type=\"container\">\n\t\t\t\t\t<div class=\"e-con-inner\">\n\t\t\t\t<div class=\"elementor-element elementor-element-b70c84f e-n-tabs-mobile elementor-widget elementor-widget-n-tabs\" data-id=\"b70c84f\" data-element_type=\"widget\" data-settings=\"{&quot;tabs_justify_horizontal&quot;:&quot;start&quot;,&quot;horizontal_scroll&quot;:&quot;disable&quot;}\" data-widget_type=\"nested-tabs.default\">\n\t\t\t\t<div class=\"elementor-widget-container\">\n\t\t\t\t\t\t\t<div class=\"e-n-tabs\" data-widget-number=\"191940687\" aria-label=\"Pesta\u00f1as. Abre elementos con Intro o Espacio, ci\u00e9rralos con Escape y navega con las fechas.\">\n\t\t\t<div class=\"e-n-tabs-heading\" role=\"tablist\">\n\t\t\t\t\t<button id=\"e-n-tab-title-1919406871\" class=\"e-n-tab-title\" aria-selected=\"true\" data-tab-index=\"1\" role=\"tab\" tabindex=\"0\" aria-controls=\"e-n-tab-content-1919406871\" style=\"--n-tabs-title-order: 1;\">\n\t\t\t\t\t\t<span class=\"e-n-tab-title-text\">\n\t\t\t\tEstad\u00edstica Agr\u00edcola\t\t\t<\/span>\n\t\t<\/button>\n\t\t\t\t<button id=\"e-n-tab-title-1919406872\" class=\"e-n-tab-title\" aria-selected=\"false\" data-tab-index=\"2\" role=\"tab\" tabindex=\"-1\" aria-controls=\"e-n-tab-content-1919406872\" style=\"--n-tabs-title-order: 2;\">\n\t\t\t\t\t\t<span class=\"e-n-tab-title-text\">\n\t\t\t\tEstad\u00edstica Pecuaria\t\t\t<\/span>\n\t\t<\/button>\n\t\t\t\t<button id=\"e-n-tab-title-1919406873\" class=\"e-n-tab-title\" aria-selected=\"false\" data-tab-index=\"3\" role=\"tab\" tabindex=\"-1\" aria-controls=\"e-n-tab-content-1919406873\" style=\"--n-tabs-title-order: 3;\">\n\t\t\t\t\t\t<span class=\"e-n-tab-title-text\">\n\t\t\t\tProducto Interno Bruto\t\t\t<\/span>\n\t\t<\/button>\n\t\t\t\t\t<\/div>\n\t\t\t<div class=\"e-n-tabs-content\">\n\t\t\t\t<div id=\"e-n-tab-content-1919406871\" role=\"tabpanel\" aria-labelledby=\"e-n-tab-title-1919406871\" data-tab-index=\"1\" style=\"--n-tabs-title-order: 1;\" class=\"e-active elementor-element elementor-element-0c09e19 e-con-full e-flex e-con e-child\" data-id=\"0c09e19\" data-element_type=\"container\">\n\t\t\t\t<div class=\"elementor-element elementor-element-fd985fc e-n-tabs-mobile elementor-widget elementor-widget-n-tabs\" data-id=\"fd985fc\" data-element_type=\"widget\" data-settings=\"{&quot;tabs_justify_horizontal&quot;:&quot;start&quot;,&quot;horizontal_scroll&quot;:&quot;disable&quot;}\" data-widget_type=\"nested-tabs.default\">\n\t\t\t\t<div class=\"elementor-widget-container\">\n\t\t\t\t\t\t\t<div class=\"e-n-tabs\" data-widget-number=\"265913852\" aria-label=\"Pesta\u00f1as. Abre elementos con Intro o Espacio, ci\u00e9rralos con Escape y navega con las fechas.\">\n\t\t\t<div class=\"e-n-tabs-heading\" role=\"tablist\">\n\t\t\t\t\t<button id=\"e-n-tab-title-2659138521\" class=\"e-n-tab-title\" aria-selected=\"true\" data-tab-index=\"1\" role=\"tab\" tabindex=\"0\" aria-controls=\"e-n-tab-content-2659138521\" style=\"--n-tabs-title-order: 1;\">\n\t\t\t\t\t\t<span class=\"e-n-tab-title-text\">\n\t\t\t\t Reporte por A\u00f1o Agricola\t\t\t<\/span>\n\t\t<\/button>\n\t\t\t\t<button id=\"e-n-tab-title-2659138522\" class=\"e-n-tab-title\" aria-selected=\"false\" data-tab-index=\"2\" role=\"tab\" tabindex=\"-1\" aria-controls=\"e-n-tab-content-2659138522\" style=\"--n-tabs-title-order: 2;\">\n\t\t\t\t\t\t<span class=\"e-n-tab-title-text\">\n\t\t\t\tReporte por A\u00f1o Civil\t\t\t<\/span>\n\t\t<\/button>\n\t\t\t\t<button id=\"e-n-tab-title-2659138523\" class=\"e-n-tab-title\" aria-selected=\"false\" data-tab-index=\"3\" role=\"tab\" tabindex=\"-1\" aria-controls=\"e-n-tab-content-2659138523\" style=\"--n-tabs-title-order: 3;\">\n\t\t\t\t\t\t<span class=\"e-n-tab-title-text\">\n\t\t\t\tReporte Agr\u00edcola  Municipal\t\t\t<\/span>\n\t\t<\/button>\n\t\t\t\t\t<\/div>\n\t\t\t<div class=\"e-n-tabs-content\">\n\t\t\t\t<div id=\"e-n-tab-content-2659138521\" role=\"tabpanel\" aria-labelledby=\"e-n-tab-title-2659138521\" data-tab-index=\"1\" style=\"--n-tabs-title-order: 1;\" class=\"e-active elementor-element elementor-element-f1ffaf3 e-con-full e-flex e-con e-child\" data-id=\"f1ffaf3\" data-element_type=\"container\">\n\t\t\t\t<div class=\"elementor-element elementor-element-18489a2 elementor-widget elementor-widget-html\" data-id=\"18489a2\" data-element_type=\"widget\" data-widget_type=\"html.default\">\n\t\t\t\t<div class=\"elementor-widget-container\">\n\t\t\t\t\t<iframe title=\"A\u00f1o agricola\" width=\"1024\" height=\"612\" src=\"https:\/\/app.powerbi.com\/view?r=eyJrIjoiN2NjY2VlZWEtNTNjZS00NTMwLWE0YWQtZGEzMTZkYzYyOTNhIiwidCI6IjA0NTY3YTRjLWI1OGEtNDk4MS1iZWE5LTE1NDkzMmYyYmJjNyIsImMiOjR9\" frameborder=\"0\" allowFullScreen=\"true\"><\/iframe>\t\t\t\t<\/div>\n\t\t\t\t<\/div>\n\t\t\t\t<\/div>\n\t\t<div id=\"e-n-tab-content-2659138522\" role=\"tabpanel\" aria-labelledby=\"e-n-tab-title-2659138522\" data-tab-index=\"2\" style=\"--n-tabs-title-order: 2;\" class=\" elementor-element elementor-element-7f25932 e-con-full e-flex e-con e-child\" data-id=\"7f25932\" data-element_type=\"container\">\n\t\t\t\t<div class=\"elementor-element elementor-element-9eb59df elementor-widget elementor-widget-html\" data-id=\"9eb59df\" data-element_type=\"widget\" data-widget_type=\"html.default\">\n\t\t\t\t<div class=\"elementor-widget-container\">\n\t\t\t\t\t<iframe title=\"A\u00f1o civil\" width=\"1024\" height=\"612\" src=\"https:\/\/app.powerbi.com\/view?r=eyJrIjoiNWVjYzJkYTctYWU0Yi00MzFiLThkZGMtYTc0ZGNhYjQ0NGQ1IiwidCI6IjA0NTY3YTRjLWI1OGEtNDk4MS1iZWE5LTE1NDkzMmYyYmJjNyIsImMiOjR9\" frameborder=\"0\" allowFullScreen=\"true\"><\/iframe>\t\t\t\t<\/div>\n\t\t\t\t<\/div>\n\t\t\t\t<\/div>\n\t\t<div id=\"e-n-tab-content-2659138523\" role=\"tabpanel\" aria-labelledby=\"e-n-tab-title-2659138523\" data-tab-index=\"3\" style=\"--n-tabs-title-order: 3;\" class=\" elementor-element elementor-element-d943347 e-con-full e-flex e-con e-child\" data-id=\"d943347\" data-element_type=\"container\">\n\t\t\t\t<div class=\"elementor-element elementor-element-48b4d21 elementor-widget elementor-widget-html\" data-id=\"48b4d21\" data-element_type=\"widget\" data-widget_type=\"html.default\">\n\t\t\t\t<div class=\"elementor-widget-container\">\n\t\t\t\t\t<iframe title=\"Agricola Municipal\" width=\"1024\" height=\"612\" src=\"https:\/\/app.powerbi.com\/view?r=eyJrIjoiZDljNTI2ZTctNzFlMy00NjBkLThjZGUtN2YzYjA5MWUzNWQyIiwidCI6IjA0NTY3YTRjLWI1OGEtNDk4MS1iZWE5LTE1NDkzMmYyYmJjNyIsImMiOjR9\" frameborder=\"0\" allowFullScreen=\"true\"><\/iframe>\t\t\t\t<\/div>\n\t\t\t\t<\/div>\n\t\t\t\t<\/div>\n\t\t\t\t\t<\/div>\n\t\t<\/div>\n\t\t\t\t\t\t<\/div>\n\t\t\t\t<\/div>\n\t\t\t\t<\/div>\n\t\t<div id=\"e-n-tab-content-1919406872\" role=\"tabpanel\" aria-labelledby=\"e-n-tab-title-1919406872\" data-tab-index=\"2\" style=\"--n-tabs-title-order: 2;\" class=\" elementor-element elementor-element-77fb55f e-con-full e-flex e-con e-child\" data-id=\"77fb55f\" data-element_type=\"container\">\n\t\t\t\t<div class=\"elementor-element elementor-element-0cdc04f e-n-tabs-mobile elementor-widget elementor-widget-n-tabs\" data-id=\"0cdc04f\" data-element_type=\"widget\" data-settings=\"{&quot;tabs_justify_horizontal&quot;:&quot;start&quot;,&quot;horizontal_scroll&quot;:&quot;disable&quot;}\" data-widget_type=\"nested-tabs.default\">\n\t\t\t\t<div class=\"elementor-widget-container\">\n\t\t\t\t\t\t\t<div class=\"e-n-tabs\" data-widget-number=\"13484111\" aria-label=\"Pesta\u00f1as. Abre elementos con Intro o Espacio, ci\u00e9rralos con Escape y navega con las fechas.\">\n\t\t\t<div class=\"e-n-tabs-heading\" role=\"tablist\">\n\t\t\t\t\t<button id=\"e-n-tab-title-134841111\" class=\"e-n-tab-title\" aria-selected=\"true\" data-tab-index=\"1\" role=\"tab\" tabindex=\"0\" aria-controls=\"e-n-tab-content-134841111\" style=\"--n-tabs-title-order: 1;\">\n\t\t\t\t\t\t<span class=\"e-n-tab-title-text\">\n\t\t\t\tReporte de Existencia de Ganado\t\t\t<\/span>\n\t\t<\/button>\n\t\t\t\t<button id=\"e-n-tab-title-134841112\" class=\"e-n-tab-title\" aria-selected=\"false\" data-tab-index=\"2\" role=\"tab\" tabindex=\"-1\" aria-controls=\"e-n-tab-content-134841112\" style=\"--n-tabs-title-order: 2;\">\n\t\t\t\t\t\t<span class=\"e-n-tab-title-text\">\n\t\t\t\tReporte de Existencia de Aves\t\t\t<\/span>\n\t\t<\/button>\n\t\t\t\t<button id=\"e-n-tab-title-134841113\" class=\"e-n-tab-title\" aria-selected=\"false\" data-tab-index=\"3\" role=\"tab\" tabindex=\"-1\" aria-controls=\"e-n-tab-content-134841113\" style=\"--n-tabs-title-order: 3;\">\n\t\t\t\t\t\t<span class=\"e-n-tab-title-text\">\n\t\t\t\tReporte Productos Derivados\t\t\t<\/span>\n\t\t<\/button>\n\t\t\t\t<button id=\"e-n-tab-title-134841114\" class=\"e-n-tab-title\" aria-selected=\"false\" data-tab-index=\"4\" role=\"tab\" tabindex=\"-1\" aria-controls=\"e-n-tab-content-134841114\" style=\"--n-tabs-title-order: 4;\">\n\t\t\t\t\t\t<span class=\"e-n-tab-title-text\">\n\t\t\t\tReporte de Cabezas de Ganado a Nivel Municipal\t\t\t<\/span>\n\t\t<\/button>\n\t\t\t\t<button id=\"e-n-tab-title-134841115\" class=\"e-n-tab-title\" aria-selected=\"false\" data-tab-index=\"5\" role=\"tab\" tabindex=\"-1\" aria-controls=\"e-n-tab-content-134841115\" style=\"--n-tabs-title-order: 5;\">\n\t\t\t\t\t\t<span class=\"e-n-tab-title-text\">\n\t\t\t\tReporte Av\u00edcola A Nivel Municipal\t\t\t<\/span>\n\t\t<\/button>\n\t\t\t\t\t<\/div>\n\t\t\t<div class=\"e-n-tabs-content\">\n\t\t\t\t<div id=\"e-n-tab-content-134841111\" role=\"tabpanel\" aria-labelledby=\"e-n-tab-title-134841111\" data-tab-index=\"1\" style=\"--n-tabs-title-order: 1;\" class=\"e-active elementor-element elementor-element-1eb66ce e-con-full e-flex e-con e-child\" data-id=\"1eb66ce\" data-element_type=\"container\">\n\t\t\t\t<div class=\"elementor-element elementor-element-ea63eef elementor-widget elementor-widget-html\" data-id=\"ea63eef\" data-element_type=\"widget\" data-widget_type=\"html.default\">\n\t\t\t\t<div class=\"elementor-widget-container\">\n\t\t\t\t\t<iframe title=\"Pecuario1\" width=\"1024\" height=\"612\" src=\"https:\/\/app.powerbi.com\/view?r=eyJrIjoiMWJlNDI2OTMtMjYzMS00NWJhLThkNmEtMGEwYjhhN2Y3MjM2IiwidCI6IjA0NTY3YTRjLWI1OGEtNDk4MS1iZWE5LTE1NDkzMmYyYmJjNyIsImMiOjR9\" frameborder=\"0\" allowFullScreen=\"true\"><\/iframe>\t\t\t\t<\/div>\n\t\t\t\t<\/div>\n\t\t\t\t<\/div>\n\t\t<div id=\"e-n-tab-content-134841112\" role=\"tabpanel\" aria-labelledby=\"e-n-tab-title-134841112\" data-tab-index=\"2\" style=\"--n-tabs-title-order: 2;\" class=\" elementor-element elementor-element-cc20e47 e-con-full e-flex e-con e-child\" data-id=\"cc20e47\" data-element_type=\"container\">\n\t\t\t\t<div class=\"elementor-element elementor-element-53c9e6a elementor-widget elementor-widget-html\" data-id=\"53c9e6a\" data-element_type=\"widget\" data-widget_type=\"html.default\">\n\t\t\t\t<div class=\"elementor-widget-container\">\n\t\t\t\t\t<iframe title=\"Avicola1\" width=\"1024\" height=\"612\" src=\"https:\/\/app.powerbi.com\/view?r=eyJrIjoiNTI4YWYyMTQtODQ4OC00MjcyLTk0NTItMzlhMTdjOGVkMmI4IiwidCI6IjA0NTY3YTRjLWI1OGEtNDk4MS1iZWE5LTE1NDkzMmYyYmJjNyIsImMiOjR9\" frameborder=\"0\" allowFullScreen=\"true\"><\/iframe>\t\t\t\t<\/div>\n\t\t\t\t<\/div>\n\t\t\t\t<\/div>\n\t\t<div id=\"e-n-tab-content-134841113\" role=\"tabpanel\" aria-labelledby=\"e-n-tab-title-134841113\" data-tab-index=\"3\" style=\"--n-tabs-title-order: 3;\" class=\" elementor-element elementor-element-436b06a e-con-full e-flex e-con e-child\" data-id=\"436b06a\" data-element_type=\"container\">\n\t\t\t\t<div class=\"elementor-element elementor-element-3b8f481 elementor-widget elementor-widget-html\" data-id=\"3b8f481\" data-element_type=\"widget\" data-widget_type=\"html.default\">\n\t\t\t\t<div class=\"elementor-widget-container\">\n\t\t\t\t\t<iframe title=\"Subproducto1\" width=\"1024\" height=\"612\" src=\"https:\/\/app.powerbi.com\/view?r=eyJrIjoiMDZmZGZjMGEtMDk2Ni00M2YwLThhMGQtMjZmZjhhOGQ0YTA5IiwidCI6IjA0NTY3YTRjLWI1OGEtNDk4MS1iZWE5LTE1NDkzMmYyYmJjNyIsImMiOjR9\" frameborder=\"0\" allowFullScreen=\"true\"><\/iframe> \t\t\t\t<\/div>\n\t\t\t\t<\/div>\n\t\t\t\t<\/div>\n\t\t<div id=\"e-n-tab-content-134841114\" role=\"tabpanel\" aria-labelledby=\"e-n-tab-title-134841114\" data-tab-index=\"4\" style=\"--n-tabs-title-order: 4;\" class=\" elementor-element elementor-element-65180e6 e-con-full e-flex e-con e-child\" data-id=\"65180e6\" data-element_type=\"container\">\n\t\t\t\t<div class=\"elementor-element elementor-element-ebbbc5f elementor-widget elementor-widget-html\" data-id=\"ebbbc5f\" data-element_type=\"widget\" data-widget_type=\"html.default\">\n\t\t\t\t<div class=\"elementor-widget-container\">\n\t\t\t\t\t<iframe title=\"pecuario municipal\" width=\"1024\" height=\"612\" src=\"https:\/\/app.powerbi.com\/view?r=eyJrIjoiMmNhZGYzNzAtNjRkZi00Y2E4LThhYTctMDE3MzczODRkNjQ2IiwidCI6IjA0NTY3YTRjLWI1OGEtNDk4MS1iZWE5LTE1NDkzMmYyYmJjNyIsImMiOjR9\" frameborder=\"0\" allowFullScreen=\"true\"><\/iframe>\t\t\t\t<\/div>\n\t\t\t\t<\/div>\n\t\t\t\t<\/div>\n\t\t<div id=\"e-n-tab-content-134841115\" role=\"tabpanel\" aria-labelledby=\"e-n-tab-title-134841115\" data-tab-index=\"5\" style=\"--n-tabs-title-order: 5;\" class=\" elementor-element elementor-element-c7b7d4f e-con-full e-flex e-con e-child\" data-id=\"c7b7d4f\" data-element_type=\"container\">\n\t\t\t\t<div class=\"elementor-element elementor-element-6bf255e elementor-widget elementor-widget-html\" data-id=\"6bf255e\" data-element_type=\"widget\" data-widget_type=\"html.default\">\n\t\t\t\t<div class=\"elementor-widget-container\">\n\t\t\t\t\t<iframe title=\"avicola municipal\" width=\"1024\" height=\"612\" src=\"https:\/\/app.powerbi.com\/view?r=eyJrIjoiODBmN2IwNzYtNzQ2Ni00MmNmLWJkYjQtZjM3MTk3Y2E0YWU2IiwidCI6IjA0NTY3YTRjLWI1OGEtNDk4MS1iZWE5LTE1NDkzMmYyYmJjNyIsImMiOjR9\" frameborder=\"0\" allowFullScreen=\"true\"><\/iframe>\t\t\t\t<\/div>\n\t\t\t\t<\/div>\n\t\t\t\t<\/div>\n\t\t\t\t\t<\/div>\n\t\t<\/div>\n\t\t\t\t\t\t<\/div>\n\t\t\t\t<\/div>\n\t\t\t\t<\/div>\n\t\t<div id=\"e-n-tab-content-1919406873\" role=\"tabpanel\" aria-labelledby=\"e-n-tab-title-1919406873\" data-tab-index=\"3\" style=\"--n-tabs-title-order: 3;\" class=\" elementor-element elementor-element-b4bc5a6 e-con-full e-flex e-con e-child\" data-id=\"b4bc5a6\" data-element_type=\"container\">\n\t\t\t\t<div class=\"elementor-element elementor-element-623b1e2 e-n-tabs-mobile elementor-widget elementor-widget-n-tabs\" data-id=\"623b1e2\" data-element_type=\"widget\" data-settings=\"{&quot;tabs_justify_horizontal&quot;:&quot;start&quot;,&quot;horizontal_scroll&quot;:&quot;disable&quot;}\" data-widget_type=\"nested-tabs.default\">\n\t\t\t\t<div class=\"elementor-widget-container\">\n\t\t\t\t\t\t\t<div class=\"e-n-tabs\" data-widget-number=\"103002594\" aria-label=\"Pesta\u00f1as. Abre elementos con Intro o Espacio, ci\u00e9rralos con Escape y navega con las fechas.\">\n\t\t\t<div class=\"e-n-tabs-heading\" role=\"tablist\">\n\t\t\t\t\t<button id=\"e-n-tab-title-1030025941\" class=\"e-n-tab-title\" aria-selected=\"true\" data-tab-index=\"1\" role=\"tab\" tabindex=\"0\" aria-controls=\"e-n-tab-content-1030025941\" style=\"--n-tabs-title-order: 1;\">\n\t\t\t\t\t\t<span class=\"e-n-tab-title-text\">\n\t\t\t\tReporte PIB a Precios Corrientes\t\t\t<\/span>\n\t\t<\/button>\n\t\t\t\t<button id=\"e-n-tab-title-1030025942\" class=\"e-n-tab-title\" aria-selected=\"false\" data-tab-index=\"2\" role=\"tab\" tabindex=\"-1\" aria-controls=\"e-n-tab-content-1030025942\" style=\"--n-tabs-title-order: 2;\">\n\t\t\t\t\t\t<span class=\"e-n-tab-title-text\">\n\t\t\t\tReporte PIB a Precios Constantes\t\t\t<\/span>\n\t\t<\/button>\n\t\t\t\t\t<\/div>\n\t\t\t<div class=\"e-n-tabs-content\">\n\t\t\t\t<div id=\"e-n-tab-content-1030025941\" role=\"tabpanel\" aria-labelledby=\"e-n-tab-title-1030025941\" data-tab-index=\"1\" style=\"--n-tabs-title-order: 1;\" class=\"e-active elementor-element elementor-element-fbdb8ed e-con-full e-flex e-con e-child\" data-id=\"fbdb8ed\" data-element_type=\"container\">\n\t\t\t\t<div class=\"elementor-element elementor-element-e5d2531 elementor-widget elementor-widget-html\" data-id=\"e5d2531\" data-element_type=\"widget\" data-widget_type=\"html.default\">\n\t\t\t\t<div class=\"elementor-widget-container\">\n\t\t\t\t\t<iframe title=\"PIB\" width=\"1024\" height=\"612\" src=\"https:\/\/app.powerbi.com\/view?r=eyJrIjoiMzJlMmY3YTgtMGEyMC00ZGQwLWE0ZTUtNWQ1NjdjZGJmYzdhIiwidCI6IjA0NTY3YTRjLWI1OGEtNDk4MS1iZWE5LTE1NDkzMmYyYmJjNyIsImMiOjR9\" frameborder=\"0\" allowFullScreen=\"true\"><\/iframe>\t\t\t\t<\/div>\n\t\t\t\t<\/div>\n\t\t\t\t<\/div>\n\t\t<div id=\"e-n-tab-content-1030025942\" role=\"tabpanel\" aria-labelledby=\"e-n-tab-title-1030025942\" data-tab-index=\"2\" style=\"--n-tabs-title-order: 2;\" class=\" elementor-element elementor-element-30c5b65 e-con-full e-flex e-con e-child\" data-id=\"30c5b65\" data-element_type=\"container\">\n\t\t\t\t<div class=\"elementor-element elementor-element-340c09c elementor-widget elementor-widget-html\" data-id=\"340c09c\" data-element_type=\"widget\" data-widget_type=\"html.default\">\n\t\t\t\t<div class=\"elementor-widget-container\">\n\t\t\t\t\t<iframe title=\"PIB CTTE\" width=\"1024\" height=\"612\" src=\"https:\/\/app.powerbi.com\/view?r=eyJrIjoiNmI5MjhlM2ItNTJkNy00OTBiLTk5ZjEtZWZjYjk4NTM4NzBjIiwidCI6IjA0NTY3YTRjLWI1OGEtNDk4MS1iZWE5LTE1NDkzMmYyYmJjNyIsImMiOjR9\" frameborder=\"0\" allowFullScreen=\"true\"><\/iframe>\t\t\t\t<\/div>\n\t\t\t\t<\/div>\n\t\t\t\t<\/div>\n\t\t\t\t\t<\/div>\n\t\t<\/div>\n\t\t\t\t\t\t<\/div>\n\t\t\t\t<\/div>\n\t\t\t\t<\/div>\n\t\t\t\t\t<\/div>\n\t\t<\/div>\n\t\t\t\t\t\t<\/div>\n\t\t\t\t<\/div>\n\t\t\t\t\t<\/div>\n\t\t\t\t<\/div>\n\t\t\t\t<\/div>\n\t\t","protected":false},"excerpt":{"rendered":"<p>Estad\u00edstica Agr\u00edcola Estad\u00edstica Pecuaria Producto Interno Bruto Reporte por A\u00f1o Agricola Reporte por A\u00f1o Civil Reporte Agr\u00edcola Municipal Reporte de Existencia de Ganado Reporte de Existencia de Aves Reporte Productos Derivados Reporte de Cabezas de Ganado a Nivel Municipal Reporte Av\u00edcola A Nivel Municipal Reporte PIB a Precios Corrientes Reporte PIB a Precios Constantes Reporte [&hellip;]<\/p>\n","protected":false},"author":1,"featured_media":0,"parent":0,"menu_order":0,"comment_status":"closed","ping_status":"closed","template":"","meta":{"footnotes":""},"class_list":["post-1380","page","type-page","status-publish","hentry"],"_links":{"self":[{"href":"https:\/\/observatorioagro.gob.bo\/index.php?rest_route=\/wp\/v2\/pages\/1380","targetHints":{"allow":["GET"]}}],"collection":[{"href":"https:\/\/observatorioagro.gob.bo\/index.php?rest_route=\/wp\/v2\/pages"}],"about":[{"href":"https:\/\/observatorioagro.gob.bo\/index.php?rest_route=\/wp\/v2\/types\/page"}],"author":[{"embeddable":true,"href":"https:\/\/observatorioagro.gob.bo\/index.php?rest_route=\/wp\/v2\/users\/1"}],"replies":[{"embeddable":true,"href":"https:\/\/observatorioagro.gob.bo\/index.php?rest_route=%2Fwp%2Fv2%2Fcomments&post=1380"}],"version-history":[{"count":95,"href":"https:\/\/observatorioagro.gob.bo\/index.php?rest_route=\/wp\/v2\/pages\/1380\/revisions"}],"predecessor-version":[{"id":3766,"href":"https:\/\/observatorioagro.gob.bo\/index.php?rest_route=\/wp\/v2\/pages\/1380\/revisions\/3766"}],"wp:attachment":[{"href":"https:\/\/observatorioagro.gob.bo\/index.php?rest_route=%2Fwp%2Fv2%2Fmedia&parent=1380"}],"curies":[{"name":"wp","href":"https:\/\/api.w.org\/{rel}","templated":true}]}}