{"id":179,"date":"2025-06-09T10:57:02","date_gmt":"2025-06-09T10:57:02","guid":{"rendered":"http:\/\/web.observatorioagro.gob.bo\/?page_id=179"},"modified":"2025-08-01T15:47:49","modified_gmt":"2025-08-01T15:47:49","slug":"sala-de-prensa","status":"publish","type":"page","link":"https:\/\/observatorioagro.gob.bo\/?page_id=179","title":{"rendered":"Sala de prensa"},"content":{"rendered":"\t\t<div data-elementor-type=\"wp-page\" data-elementor-id=\"179\" class=\"elementor elementor-179\" data-elementor-post-type=\"page\">\n\t\t\t\t<div class=\"elementor-element elementor-element-b48b6f7 e-flex e-con-boxed e-con e-parent\" data-id=\"b48b6f7\" data-element_type=\"container\">\n\t\t\t\t\t<div class=\"e-con-inner\">\n\t\t<div class=\"elementor-element elementor-element-a2c172c e-con-full e-flex e-con e-child\" data-id=\"a2c172c\" data-element_type=\"container\" data-settings=\"{&quot;background_background&quot;:&quot;classic&quot;}\">\n\t\t\t\t<div class=\"elementor-element elementor-element-a747275 elementor-widget elementor-widget-heading\" data-id=\"a747275\" data-element_type=\"widget\" data-widget_type=\"heading.default\">\n\t\t\t\t<div class=\"elementor-widget-container\">\n\t\t\t\t\t<h1 class=\"elementor-heading-title elementor-size-default\">Todas las Noticias <\/h1>\t\t\t\t<\/div>\n\t\t\t\t<\/div>\n\t\t<div class=\"elementor-element elementor-element-e87e373 e-con-full e-flex e-con e-child\" data-id=\"e87e373\" data-element_type=\"container\">\n\t\t\t\t<div class=\"elementor-element elementor-element-907b6f1 elementor-grid-1 elementor-grid-tablet-2 elementor-grid-mobile-1 elementor-widget elementor-widget-loop-grid\" data-id=\"907b6f1\" data-element_type=\"widget\" data-settings=\"{&quot;template_id&quot;:&quot;651&quot;,&quot;columns&quot;:1,&quot;pagination_type&quot;:&quot;numbers&quot;,&quot;pagination_load_type&quot;:&quot;ajax&quot;,&quot;auto_scroll&quot;:&quot;yes&quot;,&quot;_skin&quot;:&quot;post&quot;,&quot;columns_tablet&quot;:&quot;2&quot;,&quot;columns_mobile&quot;:&quot;1&quot;,&quot;edit_handle_selector&quot;:&quot;[data-elementor-type=\\&quot;loop-item\\&quot;]&quot;,&quot;row_gap&quot;:{&quot;unit&quot;:&quot;px&quot;,&quot;size&quot;:&quot;&quot;,&quot;sizes&quot;:[]},&quot;row_gap_tablet&quot;:{&quot;unit&quot;:&quot;px&quot;,&quot;size&quot;:&quot;&quot;,&quot;sizes&quot;:[]},&quot;row_gap_mobile&quot;:{&quot;unit&quot;:&quot;px&quot;,&quot;size&quot;:&quot;&quot;,&quot;sizes&quot;:[]}}\" data-widget_type=\"loop-grid.post\">\n\t\t\t\t<div class=\"elementor-widget-container\">\n\t\t\t\t\t\t\t<div class=\"elementor-loop-container elementor-grid\" role=\"list\">\n\t\t<style id=\"loop-651\">.elementor-651 .elementor-element.elementor-element-c86688d{--display:flex;--flex-direction:column;--container-widget-width:calc( ( 1 - var( --container-widget-flex-grow ) ) * 100% );--container-widget-height:initial;--container-widget-flex-grow:0;--container-widget-align-self:initial;--flex-wrap-mobile:wrap;--justify-content:center;--align-items:center;}.elementor-651 .elementor-element.elementor-element-c86688d.e-con{--flex-grow:0;--flex-shrink:0;}.elementor-widget-theme-post-featured-image .widget-image-caption{color:var( --e-global-color-text );font-family:var( --e-global-typography-text-font-family ), Sans-serif;font-weight:var( --e-global-typography-text-font-weight );}.elementor-651 .elementor-element.elementor-element-6642710{width:var( --container-widget-width, 104.356% );max-width:104.356%;--container-widget-width:104.356%;--container-widget-flex-grow:0;}.elementor-651 .elementor-element.elementor-element-6642710.elementor-element{--flex-grow:0;--flex-shrink:0;}.elementor-651 .elementor-element.elementor-element-6642710 img{width:96%;}.elementor-651 .elementor-element.elementor-element-b84d5f3{--display:flex;box-shadow:0px 0px 4px 0px rgba(0,0,0,0.5);--margin-top:-90px;--margin-bottom:0px;--margin-left:0px;--margin-right:0px;}.elementor-651 .elementor-element.elementor-element-b84d5f3:not(.elementor-motion-effects-element-type-background), .elementor-651 .elementor-element.elementor-element-b84d5f3 > .elementor-motion-effects-container > .elementor-motion-effects-layer{background-color:#FFFFFF;}.elementor-651 .elementor-element.elementor-element-b84d5f3.e-con{--flex-grow:0;--flex-shrink:0;}.elementor-widget-theme-post-title .elementor-heading-title{font-family:var( --e-global-typography-primary-font-family ), Sans-serif;font-weight:var( --e-global-typography-primary-font-weight );color:var( --e-global-color-primary );}.elementor-651 .elementor-element.elementor-element-f323a1d .elementor-heading-title{color:#000000;}.elementor-widget-theme-post-excerpt .elementor-widget-container{font-family:var( --e-global-typography-text-font-family ), Sans-serif;font-weight:var( --e-global-typography-text-font-weight );color:var( --e-global-color-text );}.elementor-651 .elementor-element.elementor-element-5196619 .elementor-widget-container{font-family:\"Roboto\", Sans-serif;font-weight:400;color:#212121;}@media(min-width:768px){.elementor-651 .elementor-element.elementor-element-c86688d{--width:650px;}.elementor-651 .elementor-element.elementor-element-b84d5f3{--width:87.458%;}}<\/style>\t\t<div data-elementor-type=\"loop-item\" data-elementor-id=\"651\" class=\"elementor elementor-651 e-loop-item e-loop-item-3755 post-3755 post type-post status-publish format-standard has-post-thumbnail hentry category-uncategorized\" data-elementor-post-type=\"elementor_library\" data-custom-edit-handle=\"1\">\n\t\t\t<a class=\"elementor-element elementor-element-c86688d e-con-full e-flex e-con e-parent\" data-id=\"c86688d\" data-element_type=\"container\" href=\"https:\/\/observatorioagro.gob.bo\/?p=3755\">\n\t\t\t\t<div class=\"elementor-element elementor-element-6642710 elementor-widget__width-initial elementor-widget elementor-widget-theme-post-featured-image elementor-widget-image\" data-id=\"6642710\" data-element_type=\"widget\" data-widget_type=\"theme-post-featured-image.default\">\n\t\t\t\t<div class=\"elementor-widget-container\">\n\t\t\t\t\t\t\t\t\t\t\t\t\t\t\t<img fetchpriority=\"high\" decoding=\"async\" width=\"800\" height=\"532\" src=\"https:\/\/observatorioagro.gob.bo\/wp-content\/uploads\/2025\/09\/ganado.jpg\" class=\"attachment-large size-large wp-image-3759\" alt=\"\" \/>\t\t\t\t\t\t\t\t\t\t\t\t\t\t\t<\/div>\n\t\t\t\t<\/div>\n\t\t<div class=\"elementor-element elementor-element-b84d5f3 e-con-full e-flex e-con e-child\" data-id=\"b84d5f3\" data-element_type=\"container\" data-settings=\"{&quot;background_background&quot;:&quot;classic&quot;}\">\n\t\t\t\t<div class=\"elementor-element elementor-element-f323a1d elementor-widget elementor-widget-theme-post-title elementor-page-title elementor-widget-heading\" data-id=\"f323a1d\" data-element_type=\"widget\" data-widget_type=\"theme-post-title.default\">\n\t\t\t\t<div class=\"elementor-widget-container\">\n\t\t\t\t\t<h4 class=\"elementor-heading-title elementor-size-default\">Ministerio de Desarrollo Rural y Tierras (MDRyT) beneficia a 250 peque\u00f1os productores de Palos Blancos con la entrega de vaquillas y toros reproductores<\/h4>\t\t\t\t<\/div>\n\t\t\t\t<\/div>\n\t\t\t\t<div class=\"elementor-element elementor-element-5196619 elementor-widget elementor-widget-theme-post-excerpt\" data-id=\"5196619\" data-element_type=\"widget\" data-widget_type=\"theme-post-excerpt.default\">\n\t\t\t\t<div class=\"elementor-widget-container\">\n\t\t\t\t\t<p>Comunicaci\u00f3n MDRyt &#8211; La Paz, Bolivia &#8211; 8 de septiembre de 2025. Con una inversi\u00f3n de Bs 853.225, el Gobierno\t\t\t\t<\/div>\n\t\t\t\t<\/div>\n\t\t\t\t<\/div>\n\t\t\t\t<\/a>\n\t\t\t\t<\/div>\n\t\t\t\t<div data-elementor-type=\"loop-item\" data-elementor-id=\"651\" class=\"elementor elementor-651 e-loop-item e-loop-item-3747 post-3747 post type-post status-publish format-standard has-post-thumbnail hentry category-uncategorized\" data-elementor-post-type=\"elementor_library\" data-custom-edit-handle=\"1\">\n\t\t\t<a class=\"elementor-element elementor-element-c86688d e-con-full e-flex e-con e-parent\" data-id=\"c86688d\" data-element_type=\"container\" href=\"https:\/\/observatorioagro.gob.bo\/?p=3747\">\n\t\t\t\t<div class=\"elementor-element elementor-element-6642710 elementor-widget__width-initial elementor-widget elementor-widget-theme-post-featured-image elementor-widget-image\" data-id=\"6642710\" data-element_type=\"widget\" data-widget_type=\"theme-post-featured-image.default\">\n\t\t\t\t<div class=\"elementor-widget-container\">\n\t\t\t\t\t\t\t\t\t\t\t\t\t\t\t<img decoding=\"async\" width=\"800\" height=\"600\" src=\"https:\/\/observatorioagro.gob.bo\/wp-content\/uploads\/2025\/09\/laboratorio-iniaf.jpg\" class=\"attachment-large size-large wp-image-3751\" alt=\"\" \/>\t\t\t\t\t\t\t\t\t\t\t\t\t\t\t<\/div>\n\t\t\t\t<\/div>\n\t\t<div class=\"elementor-element elementor-element-b84d5f3 e-con-full e-flex e-con e-child\" data-id=\"b84d5f3\" data-element_type=\"container\" data-settings=\"{&quot;background_background&quot;:&quot;classic&quot;}\">\n\t\t\t\t<div class=\"elementor-element elementor-element-f323a1d elementor-widget elementor-widget-theme-post-title elementor-page-title elementor-widget-heading\" data-id=\"f323a1d\" data-element_type=\"widget\" data-widget_type=\"theme-post-title.default\">\n\t\t\t\t<div class=\"elementor-widget-container\">\n\t\t\t\t\t<h4 class=\"elementor-heading-title elementor-size-default\">Tras auditoria internacional INIAF ratifica acreditaci\u00f3n para avalar exportaci\u00f3n de semillas<\/h4>\t\t\t\t<\/div>\n\t\t\t\t<\/div>\n\t\t\t\t<div class=\"elementor-element elementor-element-5196619 elementor-widget elementor-widget-theme-post-excerpt\" data-id=\"5196619\" data-element_type=\"widget\" data-widget_type=\"theme-post-excerpt.default\">\n\t\t\t\t<div class=\"elementor-widget-container\">\n\t\t\t\t\t<p>Comunicaci\u00f3n MDRyt &#8211; Santa Cruz, Bolivia &#8211; 9 de septiembre de 2025. El organismo de referencia mundial en an\u00e1lisis de\t\t\t\t<\/div>\n\t\t\t\t<\/div>\n\t\t\t\t<\/div>\n\t\t\t\t<\/a>\n\t\t\t\t<\/div>\n\t\t\t\t<div data-elementor-type=\"loop-item\" data-elementor-id=\"651\" class=\"elementor elementor-651 e-loop-item e-loop-item-3731 post-3731 post type-post status-publish format-standard has-post-thumbnail hentry category-uncategorized\" data-elementor-post-type=\"elementor_library\" data-custom-edit-handle=\"1\">\n\t\t\t<a class=\"elementor-element elementor-element-c86688d e-con-full e-flex e-con e-parent\" data-id=\"c86688d\" data-element_type=\"container\" href=\"https:\/\/observatorioagro.gob.bo\/?p=3731\">\n\t\t\t\t<div class=\"elementor-element elementor-element-6642710 elementor-widget__width-initial elementor-widget elementor-widget-theme-post-featured-image elementor-widget-image\" data-id=\"6642710\" data-element_type=\"widget\" data-widget_type=\"theme-post-featured-image.default\">\n\t\t\t\t<div class=\"elementor-widget-container\">\n\t\t\t\t\t\t\t\t\t\t\t\t\t\t\t<img decoding=\"async\" width=\"753\" height=\"348\" src=\"https:\/\/observatorioagro.gob.bo\/wp-content\/uploads\/2025\/09\/entrega-puente.jpg\" class=\"attachment-large size-large wp-image-3736\" alt=\"\" \/>\t\t\t\t\t\t\t\t\t\t\t\t\t\t\t<\/div>\n\t\t\t\t<\/div>\n\t\t<div class=\"elementor-element elementor-element-b84d5f3 e-con-full e-flex e-con e-child\" data-id=\"b84d5f3\" data-element_type=\"container\" data-settings=\"{&quot;background_background&quot;:&quot;classic&quot;}\">\n\t\t\t\t<div class=\"elementor-element elementor-element-f323a1d elementor-widget elementor-widget-theme-post-title elementor-page-title elementor-widget-heading\" data-id=\"f323a1d\" data-element_type=\"widget\" data-widget_type=\"theme-post-title.default\">\n\t\t\t\t<div class=\"elementor-widget-container\">\n\t\t\t\t\t<h4 class=\"elementor-heading-title elementor-size-default\">Gobierno impulsa la integraci\u00f3n de comunidades del Chaco Chuquisaque\u00f1o con la construcci\u00f3n de un puente vehicular en Hacareta<\/h4>\t\t\t\t<\/div>\n\t\t\t\t<\/div>\n\t\t\t\t<div class=\"elementor-element elementor-element-5196619 elementor-widget elementor-widget-theme-post-excerpt\" data-id=\"5196619\" data-element_type=\"widget\" data-widget_type=\"theme-post-excerpt.default\">\n\t\t\t\t<div class=\"elementor-widget-container\">\n\t\t\t\t\t<p>Comunicaci\u00f3n MDRyt &#8211; La Paz, Bolivia &#8211; 9 de septiembre de 2025. Con el objetivo de fortalecer la integraci\u00f3n de\t\t\t\t<\/div>\n\t\t\t\t<\/div>\n\t\t\t\t<\/div>\n\t\t\t\t<\/a>\n\t\t\t\t<\/div>\n\t\t\t\t<div data-elementor-type=\"loop-item\" data-elementor-id=\"651\" class=\"elementor elementor-651 e-loop-item e-loop-item-3187 post-3187 post type-post status-publish format-standard has-post-thumbnail hentry category-uncategorized\" data-elementor-post-type=\"elementor_library\" data-custom-edit-handle=\"1\">\n\t\t\t<a class=\"elementor-element elementor-element-c86688d e-con-full e-flex e-con e-parent\" data-id=\"c86688d\" data-element_type=\"container\" href=\"https:\/\/observatorioagro.gob.bo\/?p=3187\">\n\t\t\t\t<div class=\"elementor-element elementor-element-6642710 elementor-widget__width-initial elementor-widget elementor-widget-theme-post-featured-image elementor-widget-image\" data-id=\"6642710\" data-element_type=\"widget\" data-widget_type=\"theme-post-featured-image.default\">\n\t\t\t\t<div class=\"elementor-widget-container\">\n\t\t\t\t\t\t\t\t\t\t\t\t\t\t\t<img loading=\"lazy\" decoding=\"async\" width=\"800\" height=\"600\" src=\"https:\/\/observatorioagro.gob.bo\/wp-content\/uploads\/2025\/07\/WhatsApp-Image-2019-06-09-at-19.55.18.jpeg\" class=\"attachment-large size-large wp-image-3191\" alt=\"\" \/>\t\t\t\t\t\t\t\t\t\t\t\t\t\t\t<\/div>\n\t\t\t\t<\/div>\n\t\t<div class=\"elementor-element elementor-element-b84d5f3 e-con-full e-flex e-con e-child\" data-id=\"b84d5f3\" data-element_type=\"container\" data-settings=\"{&quot;background_background&quot;:&quot;classic&quot;}\">\n\t\t\t\t<div class=\"elementor-element elementor-element-f323a1d elementor-widget elementor-widget-theme-post-title elementor-page-title elementor-widget-heading\" data-id=\"f323a1d\" data-element_type=\"widget\" data-widget_type=\"theme-post-title.default\">\n\t\t\t\t<div class=\"elementor-widget-container\">\n\t\t\t\t\t<h4 class=\"elementor-heading-title elementor-size-default\">Ministerio de Desarrollo Rural y Tierras, entrega en Uriondo semilla de papa certificada en beneficio de 1.055 familias productoras<\/h4>\t\t\t\t<\/div>\n\t\t\t\t<\/div>\n\t\t\t\t<div class=\"elementor-element elementor-element-5196619 elementor-widget elementor-widget-theme-post-excerpt\" data-id=\"5196619\" data-element_type=\"widget\" data-widget_type=\"theme-post-excerpt.default\">\n\t\t\t\t<div class=\"elementor-widget-container\">\n\t\t\t\t\t<p>Comunicaci\u00f3n MDRyt &#8211; La Paz, Bolivia &#8211; 29 de julio de 2025. El Gobierno del presidente Luis Arce, a trav\u00e9s\t\t\t\t<\/div>\n\t\t\t\t<\/div>\n\t\t\t\t<\/div>\n\t\t\t\t<\/a>\n\t\t\t\t<\/div>\n\t\t\t\t<\/div>\n\t\t\n\t\t\t\t<div class=\"e-load-more-anchor\" data-page=\"1\" data-max-page=\"3\" data-next-page=\"https:\/\/observatorioagro.gob.bo\/?e-page-907b6f1=2\"><\/div>\n\t\t\t\t<nav class=\"elementor-pagination\" aria-label=\"Pagination\">\n\t\t\t<span aria-current=\"page\" class=\"page-numbers current\"><span class=\"elementor-screen-only\">Page<\/span>1<\/span>\n<a class=\"page-numbers\" href=\"https:\/\/observatorioagro.gob.bo\/index.php\/?e-page-907b6f1=2\"><span class=\"elementor-screen-only\">Page<\/span>2<\/a>\n<a class=\"page-numbers\" href=\"https:\/\/observatorioagro.gob.bo\/index.php\/?e-page-907b6f1=3\"><span class=\"elementor-screen-only\">Page<\/span>3<\/a>\t\t<\/nav>\n\t\t\t\t\t\t<\/div>\n\t\t\t\t<\/div>\n\t\t\t\t<\/div>\n\t\t\t\t<\/div>\n\t\t\t\t\t<\/div>\n\t\t\t\t<\/div>\n\t\t\t\t<\/div>\n\t\t","protected":false},"excerpt":{"rendered":"<p>Todas las Noticias<\/p>\n","protected":false},"author":1,"featured_media":0,"parent":0,"menu_order":0,"comment_status":"closed","ping_status":"closed","template":"","meta":{"footnotes":""},"class_list":["post-179","page","type-page","status-publish","hentry"],"_links":{"self":[{"href":"https:\/\/observatorioagro.gob.bo\/index.php?rest_route=\/wp\/v2\/pages\/179","targetHints":{"allow":["GET"]}}],"collection":[{"href":"https:\/\/observatorioagro.gob.bo\/index.php?rest_route=\/wp\/v2\/pages"}],"about":[{"href":"https:\/\/observatorioagro.gob.bo\/index.php?rest_route=\/wp\/v2\/types\/page"}],"author":[{"embeddable":true,"href":"https:\/\/observatorioagro.gob.bo\/index.php?rest_route=\/wp\/v2\/users\/1"}],"replies":[{"embeddable":true,"href":"https:\/\/observatorioagro.gob.bo\/index.php?rest_route=%2Fwp%2Fv2%2Fcomments&post=179"}],"version-history":[{"count":46,"href":"https:\/\/observatorioagro.gob.bo\/index.php?rest_route=\/wp\/v2\/pages\/179\/revisions"}],"predecessor-version":[{"id":3280,"href":"https:\/\/observatorioagro.gob.bo\/index.php?rest_route=\/wp\/v2\/pages\/179\/revisions\/3280"}],"wp:attachment":[{"href":"https:\/\/observatorioagro.gob.bo\/index.php?rest_route=%2Fwp%2Fv2%2Fmedia&parent=179"}],"curies":[{"name":"wp","href":"https:\/\/api.w.org\/{rel}","templated":true}]}}