{"id":256,"date":"2025-06-09T21:44:31","date_gmt":"2025-06-09T21:44:31","guid":{"rendered":"http:\/\/web.observatorioagro.gob.bo\/?page_id=256"},"modified":"2025-09-12T20:22:05","modified_gmt":"2025-09-12T20:22:05","slug":"acerca-de","status":"publish","type":"page","link":"https:\/\/observatorioagro.gob.bo\/?page_id=256","title":{"rendered":"Acerca de"},"content":{"rendered":"\t\t<div data-elementor-type=\"wp-page\" data-elementor-id=\"256\" class=\"elementor elementor-256\" data-elementor-post-type=\"page\">\n\t\t\t\t<div class=\"elementor-element elementor-element-a032fea e-flex e-con-boxed e-con e-parent\" data-id=\"a032fea\" data-element_type=\"container\" data-settings=\"{&quot;background_background&quot;:&quot;classic&quot;}\">\n\t\t\t\t\t<div class=\"e-con-inner\">\n\t\t\t\t<div class=\"elementor-element elementor-element-35ff776 elementor-widget elementor-widget-heading\" data-id=\"35ff776\" data-element_type=\"widget\" data-widget_type=\"heading.default\">\n\t\t\t\t<div class=\"elementor-widget-container\">\n\t\t\t\t\t<h1 class=\"elementor-heading-title elementor-size-default\">Observatorio Agroambiental y Productivo <\/h1>\t\t\t\t<\/div>\n\t\t\t\t<\/div>\n\t\t<div class=\"elementor-element elementor-element-d720ccc e-con-full e-flex e-con e-child\" data-id=\"d720ccc\" data-element_type=\"container\">\n\t\t<div class=\"elementor-element elementor-element-918f42a e-con-full e-flex e-con e-child\" data-id=\"918f42a\" data-element_type=\"container\">\n\t\t\t\t<div class=\"elementor-element elementor-element-22a886c elementor-widget elementor-widget-heading\" data-id=\"22a886c\" data-element_type=\"widget\" data-widget_type=\"heading.default\">\n\t\t\t\t<div class=\"elementor-widget-container\">\n\t\t\t\t\t<h2 class=\"elementor-heading-title elementor-size-default\">Misi\u00f3n <\/h2>\t\t\t\t<\/div>\n\t\t\t\t<\/div>\n\t\t\t\t<div class=\"elementor-element elementor-element-ebdb655 elementor-widget elementor-widget-heading\" data-id=\"ebdb655\" data-element_type=\"widget\" data-widget_type=\"heading.default\">\n\t\t\t\t<div class=\"elementor-widget-container\">\n\t\t\t\t\t<p class=\"elementor-heading-title elementor-size-default\">El Observatorio Agroambiental y Productivo es una instancia t\u00e9cnica del Ministerio de Desarrollo Rural y Tierras que genera, analiza, monitorea y difunde informaci\u00f3n especializada del sector agropecuario y de desarrollo rural, para que el Estado tome decisiones que garanticen la seguridad y soberan\u00eda alimentaria y promuevan el desarrollo rural sustentable del Pa\u00eds.<\/p>\t\t\t\t<\/div>\n\t\t\t\t<\/div>\n\t\t\t\t<\/div>\n\t\t<div class=\"elementor-element elementor-element-9414ec0 e-con-full e-flex e-con e-child\" data-id=\"9414ec0\" data-element_type=\"container\">\n\t\t\t\t<div class=\"elementor-element elementor-element-69ec0f0 elementor-widget elementor-widget-heading\" data-id=\"69ec0f0\" data-element_type=\"widget\" data-widget_type=\"heading.default\">\n\t\t\t\t<div class=\"elementor-widget-container\">\n\t\t\t\t\t<h2 class=\"elementor-heading-title elementor-size-default\">Visi\u00f3n<\/h2>\t\t\t\t<\/div>\n\t\t\t\t<\/div>\n\t\t\t\t<div class=\"elementor-element elementor-element-73b0311 elementor-widget elementor-widget-heading\" data-id=\"73b0311\" data-element_type=\"widget\" data-widget_type=\"heading.default\">\n\t\t\t\t<div class=\"elementor-widget-container\">\n\t\t\t\t\t<p class=\"elementor-heading-title elementor-size-default\">Ser l\u00edder Nacional en la provisi\u00f3n de informaci\u00f3n especializada del sector agropecuario y el desarrollo rural, en forma oportuna, confiable e integra, para la seguridad, soberan\u00eda alimentaria y el vivir bien.<\/p>\t\t\t\t<\/div>\n\t\t\t\t<\/div>\n\t\t\t\t<\/div>\n\t\t\t\t<\/div>\n\t\t\t\t\t<\/div>\n\t\t\t\t<\/div>\n\t\t<div class=\"elementor-element elementor-element-679038f e-con-full objetivos e-flex e-con e-parent\" data-id=\"679038f\" data-element_type=\"container\" data-settings=\"{&quot;background_background&quot;:&quot;classic&quot;}\">\n\t\t\t\t<div class=\"elementor-element elementor-element-92a9e94 elementor-widget elementor-widget-heading\" data-id=\"92a9e94\" data-element_type=\"widget\" data-widget_type=\"heading.default\">\n\t\t\t\t<div class=\"elementor-widget-container\">\n\t\t\t\t\t<h2 class=\"elementor-heading-title elementor-size-default\">Objetivos estrat\u00e9gicos de la OAP<\/h2>\t\t\t\t<\/div>\n\t\t\t\t<\/div>\n\t\t<div class=\"elementor-element elementor-element-71e2b94 e-con-full e-flex e-con e-child\" data-id=\"71e2b94\" data-element_type=\"container\" data-settings=\"{&quot;background_background&quot;:&quot;classic&quot;}\">\n\t\t\t\t<div class=\"elementor-element elementor-element-7c3afea elementor-widget__width-initial elementor-widget elementor-widget-text-editor\" data-id=\"7c3afea\" data-element_type=\"widget\" data-widget_type=\"text-editor.default\">\n\t\t\t\t<div class=\"elementor-widget-container\">\n\t\t\t\t\t\t\t\t\t<ol><li>\u00a0Sistematizar y generar informaci\u00f3n especializada para la toma de decisiones del sector agropecuario, mediante el uso de sensores vivos, tecnolog\u00eda aeroespacial y otros medios.\u00a0<\/li><li>Monitorear la disponibilidad y precios de los productos b\u00e1sicos de la canasta familiar en mercados\u00a0<\/li><li>Monitorear las reservas alimenticias nacionales.<\/li><li>Coordinar la generaci\u00f3n y el acceso a informaci\u00f3n con entidades p\u00fablicas y privadas, que desarrollan actividades relacionadas con la soberan\u00eda alimentaria.\u00a0<\/li><li>Monitorear los cultivos estrat\u00e9gicos y las \u00e1reas en producci\u00f3n agropecuaria.<\/li><li>Monitorear el manejo y calidad de los recursos productivos, suelo y agua.<\/li><li>Hacer seguimiento de los fen\u00f3menos clim\u00e1ticos adversos.<\/li><li>Dise\u00f1ar una base de datos sobre la gesti\u00f3n de recursos h\u00eddricos.<\/li><li>Difundir la informaci\u00f3n generada, garantizando el libre acceso a la misma a todas las entidades del sector productivo agropecuario p\u00fablico y privado.<\/li><li>Emitir de manera oportuna alertas tempranas en caso de situaciones de riesgo que puedan afectar la soberan\u00eda alimentaria.<\/li><li>Generar informaci\u00f3n sobre la vocaci\u00f3n de uso del suelo con fines de fomento y producci\u00f3n agropecuaria.<\/li><li>Capacitar a actores de instituciones p\u00fablicas y\/o privadas, productores y otros, en la generaci\u00f3n, sistematizaci\u00f3n, alimentaci\u00f3n y difusi\u00f3n de informaci\u00f3n agropecuaria.<\/li><li>Otras establecidas en reglamentaci\u00f3n espec\u00edfica.<\/li><\/ol>\t\t\t\t\t\t\t\t<\/div>\n\t\t\t\t<\/div>\n\t\t\t\t<\/div>\n\t\t\t\t<\/div>\n\t\t<div class=\"elementor-element elementor-element-af03bb5 e-flex e-con-boxed e-con e-parent\" data-id=\"af03bb5\" data-element_type=\"container\">\n\t\t\t\t\t<div class=\"e-con-inner\">\n\t\t\t\t<div class=\"elementor-element elementor-element-0443359 elementor-widget elementor-widget-image\" data-id=\"0443359\" data-element_type=\"widget\" data-widget_type=\"image.default\">\n\t\t\t\t<div class=\"elementor-widget-container\">\n\t\t\t\t\t\t\t\t\t\t\t\t\t\t\t<img decoding=\"async\" src=\"https:\/\/observatorioagro.gob.bo\/wp-content\/plugins\/elementor\/assets\/images\/placeholder.png\" title=\"\" alt=\"\" loading=\"lazy\" \/>\t\t\t\t\t\t\t\t\t\t\t\t\t\t\t<\/div>\n\t\t\t\t<\/div>\n\t\t\t\t\t<\/div>\n\t\t\t\t<\/div>\n\t\t\t\t<\/div>\n\t\t","protected":false},"excerpt":{"rendered":"<p>Observatorio Agroambiental y Productivo Misi\u00f3n El Observatorio Agroambiental y Productivo es una instancia t\u00e9cnica del Ministerio de Desarrollo Rural y Tierras que genera, analiza, monitorea y difunde informaci\u00f3n especializada del sector agropecuario y de desarrollo rural, para que el Estado tome decisiones que garanticen la seguridad y soberan\u00eda alimentaria y promuevan el desarrollo rural sustentable [&hellip;]<\/p>\n","protected":false},"author":1,"featured_media":0,"parent":0,"menu_order":0,"comment_status":"closed","ping_status":"closed","template":"","meta":{"footnotes":""},"class_list":["post-256","page","type-page","status-publish","hentry"],"_links":{"self":[{"href":"https:\/\/observatorioagro.gob.bo\/index.php?rest_route=\/wp\/v2\/pages\/256","targetHints":{"allow":["GET"]}}],"collection":[{"href":"https:\/\/observatorioagro.gob.bo\/index.php?rest_route=\/wp\/v2\/pages"}],"about":[{"href":"https:\/\/observatorioagro.gob.bo\/index.php?rest_route=\/wp\/v2\/types\/page"}],"author":[{"embeddable":true,"href":"https:\/\/observatorioagro.gob.bo\/index.php?rest_route=\/wp\/v2\/users\/1"}],"replies":[{"embeddable":true,"href":"https:\/\/observatorioagro.gob.bo\/index.php?rest_route=%2Fwp%2Fv2%2Fcomments&post=256"}],"version-history":[{"count":37,"href":"https:\/\/observatorioagro.gob.bo\/index.php?rest_route=\/wp\/v2\/pages\/256\/revisions"}],"predecessor-version":[{"id":3774,"href":"https:\/\/observatorioagro.gob.bo\/index.php?rest_route=\/wp\/v2\/pages\/256\/revisions\/3774"}],"wp:attachment":[{"href":"https:\/\/observatorioagro.gob.bo\/index.php?rest_route=%2Fwp%2Fv2%2Fmedia&parent=256"}],"curies":[{"name":"wp","href":"https:\/\/api.w.org\/{rel}","templated":true}]}}