{"id":3170,"date":"2025-07-31T12:01:04","date_gmt":"2025-07-31T12:01:04","guid":{"rendered":"http:\/\/web.observatorioagro.gob.bo\/?page_id=3170"},"modified":"2025-09-22T18:57:06","modified_gmt":"2025-09-22T18:57:06","slug":"alerta-temprana","status":"publish","type":"page","link":"https:\/\/observatorioagro.gob.bo\/?page_id=3170","title":{"rendered":"Alerta Temprana"},"content":{"rendered":"\t\t<div data-elementor-type=\"wp-page\" data-elementor-id=\"3170\" class=\"elementor elementor-3170\" data-elementor-post-type=\"page\">\n\t\t\t\t<div class=\"elementor-element elementor-element-f4e0966 e-flex e-con-boxed e-con e-parent\" data-id=\"f4e0966\" data-element_type=\"container\">\n\t\t\t\t\t<div class=\"e-con-inner\">\n\t\t\t\t<div class=\"elementor-element elementor-element-b70c84f e-transform e-n-tabs-mobile elementor-widget elementor-widget-n-tabs\" data-id=\"b70c84f\" data-element_type=\"widget\" data-settings=\"{&quot;tabs_justify_horizontal&quot;:&quot;center&quot;,&quot;horizontal_scroll&quot;:&quot;disable&quot;,&quot;_transform_rotateZ_effect&quot;:{&quot;unit&quot;:&quot;px&quot;,&quot;size&quot;:&quot;&quot;,&quot;sizes&quot;:[]},&quot;_transform_rotateZ_effect_tablet&quot;:{&quot;unit&quot;:&quot;deg&quot;,&quot;size&quot;:&quot;&quot;,&quot;sizes&quot;:[]},&quot;_transform_rotateZ_effect_mobile&quot;:{&quot;unit&quot;:&quot;deg&quot;,&quot;size&quot;:&quot;&quot;,&quot;sizes&quot;:[]}}\" data-widget_type=\"nested-tabs.default\">\n\t\t\t\t<div class=\"elementor-widget-container\">\n\t\t\t\t\t\t\t<div class=\"e-n-tabs\" data-widget-number=\"191940687\" aria-label=\"Pesta\u00f1as. Abre elementos con Intro o Espacio, ci\u00e9rralos con Escape y navega con las fechas.\">\n\t\t\t<div class=\"e-n-tabs-heading\" role=\"tablist\">\n\t\t\t\t\t<button id=\"e-n-tab-title-1919406871\" class=\"e-n-tab-title\" aria-selected=\"true\" data-tab-index=\"1\" role=\"tab\" tabindex=\"0\" aria-controls=\"e-n-tab-content-1919406871\" style=\"--n-tabs-title-order: 1;\">\n\t\t\t\t\t\t<span class=\"e-n-tab-title-text\">\n\t\t\t\tMonitoreo\t\t\t<\/span>\n\t\t<\/button>\n\t\t\t\t<button id=\"e-n-tab-title-1919406872\" class=\"e-n-tab-title\" aria-selected=\"false\" data-tab-index=\"2\" role=\"tab\" tabindex=\"-1\" aria-controls=\"e-n-tab-content-1919406872\" style=\"--n-tabs-title-order: 2;\">\n\t\t\t\t\t\t<span class=\"e-n-tab-title-text\">\n\t\t\t\tPronostico y alerta\t\t\t<\/span>\n\t\t<\/button>\n\t\t\t\t<button id=\"e-n-tab-title-1919406873\" class=\"e-n-tab-title\" aria-selected=\"false\" data-tab-index=\"3\" role=\"tab\" tabindex=\"-1\" aria-controls=\"e-n-tab-content-1919406873\" style=\"--n-tabs-title-order: 3;\">\n\t\t\t\t\t\t<span class=\"e-n-tab-title-text\">\n\t\t\t\tPronostico climatico\t\t\t<\/span>\n\t\t<\/button>\n\t\t\t\t<button id=\"e-n-tab-title-1919406874\" class=\"e-n-tab-title\" aria-selected=\"false\" data-tab-index=\"4\" role=\"tab\" tabindex=\"-1\" aria-controls=\"e-n-tab-content-1919406874\" style=\"--n-tabs-title-order: 4;\">\n\t\t\t\t\t\t<span class=\"e-n-tab-title-text\">\n\t\t\t\tReporte de afectaciones\t\t\t<\/span>\n\t\t<\/button>\n\t\t\t\t\t<\/div>\n\t\t\t<div class=\"e-n-tabs-content\">\n\t\t\t\t<div id=\"e-n-tab-content-1919406871\" role=\"tabpanel\" aria-labelledby=\"e-n-tab-title-1919406871\" data-tab-index=\"1\" style=\"--n-tabs-title-order: 1;\" class=\"e-active elementor-element elementor-element-0c09e19 e-con-full e-flex e-con e-child\" data-id=\"0c09e19\" data-element_type=\"container\">\n\t\t\t\t<div class=\"elementor-element elementor-element-59f4b66 e-n-tabs-mobile elementor-widget elementor-widget-n-tabs\" data-id=\"59f4b66\" data-element_type=\"widget\" data-settings=\"{&quot;tabs_justify_horizontal&quot;:&quot;center&quot;,&quot;horizontal_scroll&quot;:&quot;disable&quot;}\" data-widget_type=\"nested-tabs.default\">\n\t\t\t\t<div class=\"elementor-widget-container\">\n\t\t\t\t\t\t\t<div class=\"e-n-tabs\" data-widget-number=\"94325606\" aria-label=\"Pesta\u00f1as. Abre elementos con Intro o Espacio, ci\u00e9rralos con Escape y navega con las fechas.\">\n\t\t\t<div class=\"e-n-tabs-heading\" role=\"tablist\">\n\t\t\t\t\t<button id=\"e-n-tab-title-943256061\" class=\"e-n-tab-title\" aria-selected=\"true\" data-tab-index=\"1\" role=\"tab\" tabindex=\"0\" aria-controls=\"e-n-tab-content-943256061\" style=\"--n-tabs-title-order: 1;\">\n\t\t\t\t\t\t<span class=\"e-n-tab-title-text\">\n\t\t\t\tModelos Meteorologicos\t\t\t<\/span>\n\t\t<\/button>\n\t\t\t\t<button id=\"e-n-tab-title-943256062\" class=\"e-n-tab-title\" aria-selected=\"false\" data-tab-index=\"2\" role=\"tab\" tabindex=\"-1\" aria-controls=\"e-n-tab-content-943256062\" style=\"--n-tabs-title-order: 2;\">\n\t\t\t\t\t\t<span class=\"e-n-tab-title-text\">\n\t\t\t\tEstacion Metereologica\t\t\t<\/span>\n\t\t<\/button>\n\t\t\t\t<button id=\"e-n-tab-title-943256063\" class=\"e-n-tab-title\" aria-selected=\"false\" data-tab-index=\"3\" role=\"tab\" tabindex=\"-1\" aria-controls=\"e-n-tab-content-943256063\" style=\"--n-tabs-title-order: 3;\">\n\t\t\t\t\t\t<span class=\"e-n-tab-title-text\">\n\t\t\t\tImagenes Satelitales\t\t\t<\/span>\n\t\t<\/button>\n\t\t\t\t\t<\/div>\n\t\t\t<div class=\"e-n-tabs-content\">\n\t\t\t\t<div id=\"e-n-tab-content-943256061\" role=\"tabpanel\" aria-labelledby=\"e-n-tab-title-943256061\" data-tab-index=\"1\" style=\"--n-tabs-title-order: 1;\" class=\"e-active elementor-element elementor-element-686fa89 e-con-full e-flex e-con e-child\" data-id=\"686fa89\" data-element_type=\"container\">\n\t\t\t\t<div class=\"elementor-element elementor-element-610c575 elementor-widget elementor-widget-html\" data-id=\"610c575\" data-element_type=\"widget\" data-widget_type=\"html.default\">\n\t\t\t\t<div class=\"elementor-widget-container\">\n\t\t\t\t\t<iframe title=\"Datos historicos_Temp_HR_PPT\" width=\"1024\" height=\"612\" src=\"https:\/\/www.ventusky.com\/?p=-16.2;-65.4;5&l=temperature-5cm&t=20250905\/1800\" frameborder=\"0\" allowFullScreen=\"true\"><\/iframe>\t\t\t\t<\/div>\n\t\t\t\t<\/div>\n\t\t\t\t<\/div>\n\t\t<div id=\"e-n-tab-content-943256062\" role=\"tabpanel\" aria-labelledby=\"e-n-tab-title-943256062\" data-tab-index=\"2\" style=\"--n-tabs-title-order: 2;\" class=\" elementor-element elementor-element-56fed91 e-con-full e-flex e-con e-child\" data-id=\"56fed91\" data-element_type=\"container\">\n\t\t\t\t<div class=\"elementor-element elementor-element-5077ee6 elementor-widget elementor-widget-html\" data-id=\"5077ee6\" data-element_type=\"widget\" data-widget_type=\"html.default\">\n\t\t\t\t<div class=\"elementor-widget-container\">\n\t\t\t\t\t<iframe src=\"https:\/\/rammb.cira.colostate.edu\/ramsdis\/online\/loop.asp?data_folder=rmtc\/rmtcsasec8ir312&width=640&height=480\" \n        width=\"100%\" \n        height=\"600px\" \n        style=\"border:1px solid #ccc;\">\n<\/iframe>\n\n\t\t\t\t<\/div>\n\t\t\t\t<\/div>\n\t\t\t\t<div class=\"elementor-element elementor-element-bb4abe2 elementor-widget__width-initial elementor-widget elementor-widget-html\" data-id=\"bb4abe2\" data-element_type=\"widget\" data-widget_type=\"html.default\">\n\t\t\t\t<div class=\"elementor-widget-container\">\n\t\t\t\t\t<iframe src=\"https:\/\/observatorioagro.gob.bo\/wp-content\/uploads\/Modelo_anim8\/index_leaflet.html\"\r\nwidth=\"100%\" height=\"600px\" style=\"border:none;\"><\/iframe>\r\n\t\t\t\t<\/div>\n\t\t\t\t<\/div>\n\t\t\t\t<\/div>\n\t\t<div id=\"e-n-tab-content-943256063\" role=\"tabpanel\" aria-labelledby=\"e-n-tab-title-943256063\" data-tab-index=\"3\" style=\"--n-tabs-title-order: 3;\" class=\" elementor-element elementor-element-7473f8f e-con-full e-flex e-con e-child\" data-id=\"7473f8f\" data-element_type=\"container\">\n\t\t\t\t<div class=\"elementor-element elementor-element-e6b7bc9 elementor-widget elementor-widget-html\" data-id=\"e6b7bc9\" data-element_type=\"widget\" data-widget_type=\"html.default\">\n\t\t\t\t<div class=\"elementor-widget-container\">\n\t\t\t\t\t<iframe src=\"https:\/\/observatorioagro.gob.bo\/wp-content\/uploads\/Modelo_anim8\/index_leaflet.html\"\r\nwidth=\"100%\" height=\"600px\" style=\"border:none;\"><\/iframe>\t\t\t\t<\/div>\n\t\t\t\t<\/div>\n\t\t\t\t<\/div>\n\t\t\t\t\t<\/div>\n\t\t<\/div>\n\t\t\t\t\t\t<\/div>\n\t\t\t\t<\/div>\n\t\t\t\t<\/div>\n\t\t<div id=\"e-n-tab-content-1919406872\" role=\"tabpanel\" aria-labelledby=\"e-n-tab-title-1919406872\" data-tab-index=\"2\" style=\"--n-tabs-title-order: 2;\" class=\" elementor-element elementor-element-77fb55f e-con-full e-flex e-con e-child\" data-id=\"77fb55f\" data-element_type=\"container\">\n\t\t\t\t<div class=\"elementor-element elementor-element-1c6be5b e-n-tabs-mobile elementor-widget elementor-widget-n-tabs\" data-id=\"1c6be5b\" data-element_type=\"widget\" data-settings=\"{&quot;horizontal_scroll&quot;:&quot;disable&quot;}\" data-widget_type=\"nested-tabs.default\">\n\t\t\t\t<div class=\"elementor-widget-container\">\n\t\t\t\t\t\t\t<div class=\"e-n-tabs\" data-widget-number=\"29802075\" aria-label=\"Pesta\u00f1as. Abre elementos con Intro o Espacio, ci\u00e9rralos con Escape y navega con las fechas.\">\n\t\t\t<div class=\"e-n-tabs-heading\" role=\"tablist\">\n\t\t\t\t\t<button id=\"e-n-tab-title-298020751\" class=\"e-n-tab-title\" aria-selected=\"true\" data-tab-index=\"1\" role=\"tab\" tabindex=\"0\" aria-controls=\"e-n-tab-content-298020751\" style=\"--n-tabs-title-order: 1;\">\n\t\t\t\t\t\t<span class=\"e-n-tab-title-text\">\n\t\t\t\tFocos de calor\t\t\t<\/span>\n\t\t<\/button>\n\t\t\t\t<button id=\"e-n-tab-title-298020752\" class=\"e-n-tab-title\" aria-selected=\"false\" data-tab-index=\"2\" role=\"tab\" tabindex=\"-1\" aria-controls=\"e-n-tab-content-298020752\" style=\"--n-tabs-title-order: 2;\">\n\t\t\t\t\t\t<span class=\"e-n-tab-title-text\">\n\t\t\t\tPronostico de lluvias\t\t\t<\/span>\n\t\t<\/button>\n\t\t\t\t<button id=\"e-n-tab-title-298020753\" class=\"e-n-tab-title\" aria-selected=\"false\" data-tab-index=\"3\" role=\"tab\" tabindex=\"-1\" aria-controls=\"e-n-tab-content-298020753\" style=\"--n-tabs-title-order: 3;\">\n\t\t\t\t\t\t<span class=\"e-n-tab-title-text\">\n\t\t\t\tTemperaturas\t\t\t<\/span>\n\t\t<\/button>\n\t\t\t\t<button id=\"e-n-tab-title-298020754\" class=\"e-n-tab-title\" aria-selected=\"false\" data-tab-index=\"4\" role=\"tab\" tabindex=\"-1\" aria-controls=\"e-n-tab-content-298020754\" style=\"--n-tabs-title-order: 4;\">\n\t\t\t\t\t\t<span class=\"e-n-tab-title-text\">\n\t\t\t\tHumedad relativa\t\t\t<\/span>\n\t\t<\/button>\n\t\t\t\t<button id=\"e-n-tab-title-298020755\" class=\"e-n-tab-title\" aria-selected=\"false\" data-tab-index=\"5\" role=\"tab\" tabindex=\"-1\" aria-controls=\"e-n-tab-content-298020755\" style=\"--n-tabs-title-order: 5;\">\n\t\t\t\t\t\t<span class=\"e-n-tab-title-text\">\n\t\t\t\tPron\u00f3stico de vel. Viento\t\t\t<\/span>\n\t\t<\/button>\n\t\t\t\t<button id=\"e-n-tab-title-298020756\" class=\"e-n-tab-title\" aria-selected=\"false\" data-tab-index=\"6\" role=\"tab\" tabindex=\"-1\" aria-controls=\"e-n-tab-content-298020756\" style=\"--n-tabs-title-order: 6;\">\n\t\t\t\t\t\t<span class=\"e-n-tab-title-text\">\n\t\t\t\tPron\u00f3stico de lluvia 5 - 10 -15\t\t\t<\/span>\n\t\t<\/button>\n\t\t\t\t<button id=\"e-n-tab-title-298020757\" class=\"e-n-tab-title\" aria-selected=\"false\" data-tab-index=\"7\" role=\"tab\" tabindex=\"-1\" aria-controls=\"e-n-tab-content-298020757\" style=\"--n-tabs-title-order: 7;\">\n\t\t\t\t\t\t<span class=\"e-n-tab-title-text\">\n\t\t\t\tAvisos y alertas\t\t\t<\/span>\n\t\t<\/button>\n\t\t\t\t<button id=\"e-n-tab-title-298020758\" class=\"e-n-tab-title\" aria-selected=\"false\" data-tab-index=\"8\" role=\"tab\" tabindex=\"-1\" aria-controls=\"e-n-tab-content-298020758\" style=\"--n-tabs-title-order: 8;\">\n\t\t\t\t\t\t<span class=\"e-n-tab-title-text\">\n\t\t\t\tPron\u00f3stico agrometeorol\u00f3gico\t\t\t<\/span>\n\t\t<\/button>\n\t\t\t\t\t<\/div>\n\t\t\t<div class=\"e-n-tabs-content\">\n\t\t\t\t<div id=\"e-n-tab-content-298020751\" role=\"tabpanel\" aria-labelledby=\"e-n-tab-title-298020751\" data-tab-index=\"1\" style=\"--n-tabs-title-order: 1;\" class=\"e-active elementor-element elementor-element-3df0ef6 e-con-full e-flex e-con e-child\" data-id=\"3df0ef6\" data-element_type=\"container\">\n\t\t\t\t<\/div>\n\t\t<div id=\"e-n-tab-content-298020752\" role=\"tabpanel\" aria-labelledby=\"e-n-tab-title-298020752\" data-tab-index=\"2\" style=\"--n-tabs-title-order: 2;\" class=\" elementor-element elementor-element-7d8966b e-con-full e-flex e-con e-child\" data-id=\"7d8966b\" data-element_type=\"container\">\n\t\t\t\t<\/div>\n\t\t<div id=\"e-n-tab-content-298020753\" role=\"tabpanel\" aria-labelledby=\"e-n-tab-title-298020753\" data-tab-index=\"3\" style=\"--n-tabs-title-order: 3;\" class=\" elementor-element elementor-element-9d475bb e-con-full e-flex e-con e-child\" data-id=\"9d475bb\" data-element_type=\"container\">\n\t\t\t\t<\/div>\n\t\t<div id=\"e-n-tab-content-298020754\" role=\"tabpanel\" aria-labelledby=\"e-n-tab-title-298020754\" data-tab-index=\"4\" style=\"--n-tabs-title-order: 4;\" class=\" elementor-element elementor-element-6fb29a8 e-flex e-con-boxed e-con e-child\" data-id=\"6fb29a8\" data-element_type=\"container\">\n\t\t\t\t\t<div class=\"e-con-inner\">\n\t\t\t\t\t<\/div>\n\t\t\t\t<\/div>\n\t\t<div id=\"e-n-tab-content-298020755\" role=\"tabpanel\" aria-labelledby=\"e-n-tab-title-298020755\" data-tab-index=\"5\" style=\"--n-tabs-title-order: 5;\" class=\" elementor-element elementor-element-0ee89b2 e-flex e-con-boxed e-con e-child\" data-id=\"0ee89b2\" data-element_type=\"container\">\n\t\t\t\t\t<div class=\"e-con-inner\">\n\t\t\t\t\t<\/div>\n\t\t\t\t<\/div>\n\t\t<div id=\"e-n-tab-content-298020756\" role=\"tabpanel\" aria-labelledby=\"e-n-tab-title-298020756\" data-tab-index=\"6\" style=\"--n-tabs-title-order: 6;\" class=\" elementor-element elementor-element-4bb9068 e-flex e-con-boxed e-con e-child\" data-id=\"4bb9068\" data-element_type=\"container\">\n\t\t\t\t\t<div class=\"e-con-inner\">\n\t\t\t\t\t<\/div>\n\t\t\t\t<\/div>\n\t\t<div id=\"e-n-tab-content-298020757\" role=\"tabpanel\" aria-labelledby=\"e-n-tab-title-298020757\" data-tab-index=\"7\" style=\"--n-tabs-title-order: 7;\" class=\" elementor-element elementor-element-f3f4849 e-flex e-con-boxed e-con e-child\" data-id=\"f3f4849\" data-element_type=\"container\">\n\t\t\t\t\t<div class=\"e-con-inner\">\n\t\t\t\t\t<\/div>\n\t\t\t\t<\/div>\n\t\t<div id=\"e-n-tab-content-298020758\" role=\"tabpanel\" aria-labelledby=\"e-n-tab-title-298020758\" data-tab-index=\"8\" style=\"--n-tabs-title-order: 8;\" class=\" elementor-element elementor-element-70c725e e-flex e-con-boxed e-con e-child\" data-id=\"70c725e\" data-element_type=\"container\">\n\t\t\t\t\t<div class=\"e-con-inner\">\n\t\t\t\t\t<\/div>\n\t\t\t\t<\/div>\n\t\t\t\t\t<\/div>\n\t\t<\/div>\n\t\t\t\t\t\t<\/div>\n\t\t\t\t<\/div>\n\t\t\t\t<\/div>\n\t\t<div id=\"e-n-tab-content-1919406873\" role=\"tabpanel\" aria-labelledby=\"e-n-tab-title-1919406873\" data-tab-index=\"3\" style=\"--n-tabs-title-order: 3;\" class=\" elementor-element elementor-element-7bac7bd e-con-full e-flex e-con e-child\" data-id=\"7bac7bd\" data-element_type=\"container\">\n\t\t\t\t<div class=\"elementor-element elementor-element-f5b64a1 e-n-tabs-mobile elementor-widget elementor-widget-n-tabs\" data-id=\"f5b64a1\" data-element_type=\"widget\" data-settings=\"{&quot;horizontal_scroll&quot;:&quot;disable&quot;}\" data-widget_type=\"nested-tabs.default\">\n\t\t\t\t<div class=\"elementor-widget-container\">\n\t\t\t\t\t\t\t<div class=\"e-n-tabs\" data-widget-number=\"257647777\" aria-label=\"Pesta\u00f1as. Abre elementos con Intro o Espacio, ci\u00e9rralos con Escape y navega con las fechas.\">\n\t\t\t<div class=\"e-n-tabs-heading\" role=\"tablist\">\n\t\t\t\t\t<button id=\"e-n-tab-title-2576477771\" class=\"e-n-tab-title\" aria-selected=\"true\" data-tab-index=\"1\" role=\"tab\" tabindex=\"0\" aria-controls=\"e-n-tab-content-2576477771\" style=\"--n-tabs-title-order: 1;\">\n\t\t\t\t\t\t<span class=\"e-n-tab-title-text\">\n\t\t\t\tPronostico Mensual\t\t\t<\/span>\n\t\t<\/button>\n\t\t\t\t<button id=\"e-n-tab-title-2576477772\" class=\"e-n-tab-title\" aria-selected=\"false\" data-tab-index=\"2\" role=\"tab\" tabindex=\"-1\" aria-controls=\"e-n-tab-content-2576477772\" style=\"--n-tabs-title-order: 2;\">\n\t\t\t\t\t\t<span class=\"e-n-tab-title-text\">\n\t\t\t\tMonitoreo de sequia\t\t\t<\/span>\n\t\t<\/button>\n\t\t\t\t<button id=\"e-n-tab-title-2576477773\" class=\"e-n-tab-title\" aria-selected=\"false\" data-tab-index=\"3\" role=\"tab\" tabindex=\"-1\" aria-controls=\"e-n-tab-content-2576477773\" style=\"--n-tabs-title-order: 3;\">\n\t\t\t\t\t\t<span class=\"e-n-tab-title-text\">\n\t\t\t\tTendencia climatica agricola\t\t\t<\/span>\n\t\t<\/button>\n\t\t\t\t\t<\/div>\n\t\t\t<div class=\"e-n-tabs-content\">\n\t\t\t\t<div id=\"e-n-tab-content-2576477771\" role=\"tabpanel\" aria-labelledby=\"e-n-tab-title-2576477771\" data-tab-index=\"1\" style=\"--n-tabs-title-order: 1;\" class=\"e-active elementor-element elementor-element-50b5bfd e-con-full e-flex e-con e-child\" data-id=\"50b5bfd\" data-element_type=\"container\">\n\t\t\t\t<div class=\"elementor-element elementor-element-3c49c85 elementor-widget elementor-widget-html\" data-id=\"3c49c85\" data-element_type=\"widget\" data-widget_type=\"html.default\">\n\t\t\t\t<div class=\"elementor-widget-container\">\n\t\t\t\t\t<iframe title=\"Reporte_Pecip_Anom_Sep2025\" width=\"600\" height=\"373.5\" src=\"https:\/\/app.powerbi.com\/view?r=eyJrIjoiMWEwNTc2ODgtZGMyZi00MWEzLWJmNjktYWI2MmVlYzIzNzZhIiwidCI6IjA0NTY3YTRjLWI1OGEtNDk4MS1iZWE5LTE1NDkzMmYyYmJjNyIsImMiOjR9\" frameborder=\"0\" allowFullScreen=\"true\"><\/iframe>\t\t\t\t<\/div>\n\t\t\t\t<\/div>\n\t\t\t\t<div class=\"elementor-element elementor-element-9bfe645 elementor-widget elementor-widget-html\" data-id=\"9bfe645\" data-element_type=\"widget\" data-widget_type=\"html.default\">\n\t\t\t\t<div class=\"elementor-widget-container\">\n\t\t\t\t\t<iframe title=\"Reporte_Temp_Anom_Sep2025\" width=\"600\" height=\"373.5\" src=\"https:\/\/app.powerbi.com\/view?r=eyJrIjoiM2E3ZmMwMjktNjQxNy00NWUzLTliZTYtZjY0YjliNzIxZTZlIiwidCI6IjA0NTY3YTRjLWI1OGEtNDk4MS1iZWE5LTE1NDkzMmYyYmJjNyIsImMiOjR9\" frameborder=\"0\" allowFullScreen=\"true\"><\/iframe>\t\t\t\t<\/div>\n\t\t\t\t<\/div>\n\t\t\t\t<\/div>\n\t\t<div id=\"e-n-tab-content-2576477772\" role=\"tabpanel\" aria-labelledby=\"e-n-tab-title-2576477772\" data-tab-index=\"2\" style=\"--n-tabs-title-order: 2;\" class=\" elementor-element elementor-element-68c8979 e-con-full e-flex e-con e-child\" data-id=\"68c8979\" data-element_type=\"container\">\n\t\t\t\t<\/div>\n\t\t<div id=\"e-n-tab-content-2576477773\" role=\"tabpanel\" aria-labelledby=\"e-n-tab-title-2576477773\" data-tab-index=\"3\" style=\"--n-tabs-title-order: 3;\" class=\" elementor-element elementor-element-f80bd58 e-con-full e-flex e-con e-child\" data-id=\"f80bd58\" data-element_type=\"container\">\n\t\t\t\t<\/div>\n\t\t\t\t\t<\/div>\n\t\t<\/div>\n\t\t\t\t\t\t<\/div>\n\t\t\t\t<\/div>\n\t\t\t\t<\/div>\n\t\t<div id=\"e-n-tab-content-1919406874\" role=\"tabpanel\" aria-labelledby=\"e-n-tab-title-1919406874\" data-tab-index=\"4\" style=\"--n-tabs-title-order: 4;\" class=\" elementor-element elementor-element-ab0fa2a e-con-full e-flex e-con e-child\" data-id=\"ab0fa2a\" data-element_type=\"container\">\n\t\t\t\t<div class=\"elementor-element elementor-element-6081de2 elementor-widget elementor-widget-html\" data-id=\"6081de2\" data-element_type=\"widget\" data-widget_type=\"html.default\">\n\t\t\t\t<div class=\"elementor-widget-container\">\n\t\t\t\t\t<iframe title=\"REPORTE_CAMPA\u00d1A_INVIERNO_2025\" width=\"1024\" height=\"612\" src=\"https:\/\/app.powerbi.com\/view?r=eyJrIjoiYWJlNzVjMjUtMzZjNy00ZTkwLTkxNTktYTlhYTdkMDViMTM5IiwidCI6IjA0NTY3YTRjLWI1OGEtNDk4MS1iZWE5LTE1NDkzMmYyYmJjNyIsImMiOjR9\" frameborder=\"0\" allowFullScreen=\"true\"><\/iframe>\t\t\t\t<\/div>\n\t\t\t\t<\/div>\n\t\t\t\t<div class=\"elementor-element elementor-element-49ad603 e-n-tabs-mobile elementor-widget elementor-widget-n-tabs\" data-id=\"49ad603\" data-element_type=\"widget\" data-settings=\"{&quot;tabs_justify_horizontal&quot;:&quot;start&quot;,&quot;horizontal_scroll&quot;:&quot;disable&quot;}\" data-widget_type=\"nested-tabs.default\">\n\t\t\t\t<div class=\"elementor-widget-container\">\n\t\t\t\t\t\t\t<div class=\"e-n-tabs\" data-widget-number=\"77256195\" aria-label=\"Pesta\u00f1as. Abre elementos con Intro o Espacio, ci\u00e9rralos con Escape y navega con las fechas.\">\n\t\t\t<div class=\"e-n-tabs-heading\" role=\"tablist\">\n\t\t\t\t\t<button id=\"e-n-tab-title-772561951\" class=\"e-n-tab-title\" aria-selected=\"true\" data-tab-index=\"1\" role=\"tab\" tabindex=\"0\" aria-controls=\"e-n-tab-content-772561951\" style=\"--n-tabs-title-order: 1;\">\n\t\t\t\t\t\t<span class=\"e-n-tab-title-text\">\n\t\t\t\tBase de Datos Reporte de Afectaciones\t\t\t<\/span>\n\t\t<\/button>\n\t\t\t\t\t<\/div>\n\t\t\t<div class=\"e-n-tabs-content\">\n\t\t\t\t<div id=\"e-n-tab-content-772561951\" role=\"tabpanel\" aria-labelledby=\"e-n-tab-title-772561951\" data-tab-index=\"1\" style=\"--n-tabs-title-order: 1;\" class=\"e-active elementor-element elementor-element-339e162 e-con-full e-flex e-con e-child\" data-id=\"339e162\" data-element_type=\"container\">\n\t\t<div class=\"elementor-element elementor-element-3279e97 e-con-full e-flex e-con e-child\" data-id=\"3279e97\" data-element_type=\"container\">\n\t\t\t\t<div class=\"elementor-element elementor-element-f91cfff elementor-widget elementor-widget-html\" data-id=\"f91cfff\" data-element_type=\"widget\" data-widget_type=\"html.default\">\n\t\t\t\t<div class=\"elementor-widget-container\">\n\t\t\t\t\t<iframe title=\"BASE DE DATOS\" width=\"1024\" height=\"612\" src=\"https:\/\/app.powerbi.com\/view?r=eyJrIjoiNjBhZWE4ZDQtOGExOS00NDIyLWEyYjItNDllMmJmZmFhMDdmIiwidCI6IjA0NTY3YTRjLWI1OGEtNDk4MS1iZWE5LTE1NDkzMmYyYmJjNyIsImMiOjR9\" frameborder=\"0\" allowFullScreen=\"true\"><\/iframe>\t\t\t\t<\/div>\n\t\t\t\t<\/div>\n\t\t\t\t<\/div>\n\t\t\t\t<\/div>\n\t\t\t\t\t<\/div>\n\t\t<\/div>\n\t\t\t\t\t\t<\/div>\n\t\t\t\t<\/div>\n\t\t\t\t<\/div>\n\t\t\t\t\t<\/div>\n\t\t<\/div>\n\t\t\t\t\t\t<\/div>\n\t\t\t\t<\/div>\n\t\t\t\t\t<\/div>\n\t\t\t\t<\/div>\n\t\t<div class=\"elementor-element elementor-element-f53bb2b e-flex e-con-boxed e-con e-parent\" data-id=\"f53bb2b\" data-element_type=\"container\">\n\t\t\t\t\t<div class=\"e-con-inner\">\n\t\t\t\t\t<\/div>\n\t\t\t\t<\/div>\n\t\t\t\t<\/div>\n\t\t","protected":false},"excerpt":{"rendered":"<p>Monitoreo Pronostico y alerta Pronostico climatico Reporte de afectaciones Modelos Meteorologicos Estacion Metereologica Imagenes Satelitales Focos de calor Pronostico de lluvias Temperaturas Humedad relativa Pron\u00f3stico de vel. Viento Pron\u00f3stico de lluvia 5 &#8211; 10 -15 Avisos y alertas Pron\u00f3stico agrometeorol\u00f3gico Pronostico Mensual Monitoreo de sequia Tendencia climatica agricola Base de Datos Reporte de Afectaciones Modelos [&hellip;]<\/p>\n","protected":false},"author":1,"featured_media":0,"parent":0,"menu_order":0,"comment_status":"closed","ping_status":"closed","template":"","meta":{"footnotes":""},"class_list":["post-3170","page","type-page","status-publish","hentry"],"_links":{"self":[{"href":"https:\/\/observatorioagro.gob.bo\/index.php?rest_route=\/wp\/v2\/pages\/3170","targetHints":{"allow":["GET"]}}],"collection":[{"href":"https:\/\/observatorioagro.gob.bo\/index.php?rest_route=\/wp\/v2\/pages"}],"about":[{"href":"https:\/\/observatorioagro.gob.bo\/index.php?rest_route=\/wp\/v2\/types\/page"}],"author":[{"embeddable":true,"href":"https:\/\/observatorioagro.gob.bo\/index.php?rest_route=\/wp\/v2\/users\/1"}],"replies":[{"embeddable":true,"href":"https:\/\/observatorioagro.gob.bo\/index.php?rest_route=%2Fwp%2Fv2%2Fcomments&post=3170"}],"version-history":[{"count":343,"href":"https:\/\/observatorioagro.gob.bo\/index.php?rest_route=\/wp\/v2\/pages\/3170\/revisions"}],"predecessor-version":[{"id":4100,"href":"https:\/\/observatorioagro.gob.bo\/index.php?rest_route=\/wp\/v2\/pages\/3170\/revisions\/4100"}],"wp:attachment":[{"href":"https:\/\/observatorioagro.gob.bo\/index.php?rest_route=%2Fwp%2Fv2%2Fmedia&parent=3170"}],"curies":[{"name":"wp","href":"https:\/\/api.w.org\/{rel}","templated":true}]}}