{"id":35,"date":"2025-06-08T16:53:33","date_gmt":"2025-06-08T16:53:33","guid":{"rendered":"http:\/\/web.observatorioagro.gob.bo\/?page_id=35"},"modified":"2025-06-26T17:29:32","modified_gmt":"2025-06-26T17:29:32","slug":"precios","status":"publish","type":"page","link":"https:\/\/observatorioagro.gob.bo\/?page_id=35","title":{"rendered":"Precios"},"content":{"rendered":"\t\t<div data-elementor-type=\"wp-page\" data-elementor-id=\"35\" class=\"elementor elementor-35\" data-elementor-post-type=\"page\">\n\t\t\t\t<div class=\"elementor-element elementor-element-6642241 e-con-full e-flex e-con e-parent\" data-id=\"6642241\" data-element_type=\"container\" data-settings=\"{&quot;background_background&quot;:&quot;classic&quot;}\">\n\t\t<div class=\"elementor-element elementor-element-f43b384 e-con-full e-flex e-con e-child\" data-id=\"f43b384\" data-element_type=\"container\">\n\t\t\t\t<div class=\"elementor-element elementor-element-1f1c811 elementor-widget elementor-widget-heading\" data-id=\"1f1c811\" data-element_type=\"widget\" data-widget_type=\"heading.default\">\n\t\t\t\t<div class=\"elementor-widget-container\">\n\t\t\t\t\t<h1 class=\"elementor-heading-title elementor-size-default\">Sistema de Informaci\u00f3n de Precios<\/h1>\t\t\t\t<\/div>\n\t\t\t\t<\/div>\n\t\t\t\t<div class=\"elementor-element elementor-element-fa30662 elementor-widget elementor-widget-image\" data-id=\"fa30662\" data-element_type=\"widget\" data-widget_type=\"image.default\">\n\t\t\t\t<div class=\"elementor-widget-container\">\n\t\t\t\t\t\t\t\t\t\t\t\t\t\t\t<img fetchpriority=\"high\" decoding=\"async\" width=\"800\" height=\"579\" src=\"https:\/\/observatorioagro.gob.bo\/wp-content\/uploads\/2025\/06\/OAP-1-1-1024x741-1.jpeg\" class=\"attachment-large size-large wp-image-756\" alt=\"\" \/>\t\t\t\t\t\t\t\t\t\t\t\t\t\t\t<\/div>\n\t\t\t\t<\/div>\n\t\t\t\t<div class=\"elementor-element elementor-element-1ac3c3f elementor-widget elementor-widget-text-editor\" data-id=\"1ac3c3f\" data-element_type=\"widget\" data-widget_type=\"text-editor.default\">\n\t\t\t\t<div class=\"elementor-widget-container\">\n\t\t\t\t\t\t\t\t\t<p align=\"justify\"><span style=\"font-size: medium;\">El \u00e1rea de Sistema de Informaci\u00f3n de Precios se encarga de recopilar, analizar, generar y difundir informaci\u00f3n especializada del sector agropecuario y del desarrollo rural, con el prop\u00f3sito de apoyar la toma de decisiones orientadas a garantizar la seguridad y soberan\u00eda alimentaria, as\u00ed como a promover el desarrollo rural. Esta labor se realiza a trav\u00e9s del monitoreo diario de precios mayoristas de productos agropecuarios y agroindustriales priorizados, lo que permite construir una base de datos s\u00f3lida y actualizada.<\/span><\/p><p align=\"justify\"><span style=\"font-size: medium;\">Los resultados de este monitoreo constituyen una valiosa fuente de informaci\u00f3n estad\u00edstica, \u00fatil para m\u00faltiples fines, ya que los precios mayoristas reflejan la evoluci\u00f3n del mercado, tanto de productos de origen nacional como importado. Adem\u00e1s, su comportamiento suele ser una se\u00f1al anticipada de las variaciones de precios en el canal minorista, por lo que estos datos representan un indicador clave en el an\u00e1lisis de la inflaci\u00f3n a nivel mayorista.<\/span><\/p><h2 align=\"justify\"><strong>Objetivos<\/strong><\/h2><p align=\"justify\"><span style=\"font-size: medium;\">Recopilar, sistematizar, procesar, generar y difundir informaci\u00f3n sobre precios y abastecimiento de mercados agropecuarios y agroindustriales a trav\u00e9s de las metodolog\u00edas establecidas por el OAP.<\/span><\/p><h2><strong>Funciones<\/strong>\u00a0<\/h2><ul><li><p align=\"justify\"><span style=\"font-size: medium;\">Monitorear la disponibilidad y precios de los productos b\u00e1sicos de la canasta familiar en mercados Nacionales e Internacionales.<\/span><\/p><\/li><li><p align=\"justify\"><span style=\"font-size: medium;\">Elaborar boletines diarios de precios mayoristas de productos agropecuarios seleccionados.<\/span><\/p><\/li><li><p align=\"justify\"><span style=\"font-size: medium;\">Elaborar boletines semanales de comportamiento de precios mayoristas y abastecimiento de productos agropecuarios en el eje troncal y comportamiento de precios Internacionales y Nacionales.<\/span><\/p><\/li><li><p align=\"justify\"><span style=\"font-size: medium;\">Elaborar reportes de insumos agropecuarios.<\/span><\/p><\/li><li><p align=\"justify\"><span style=\"font-size: medium;\">Realizar el seguimiento y an\u00e1lisis del comportamiento de los precios de los commodities del mercado global en el \u00e1mbito Internacional.<\/span><\/p><\/li><li><p align=\"justify\"><span style=\"font-size: medium;\">Reportar informaci\u00f3n relevante, confiable y actualizada respectos a las fluctuaciones, estabilizaciones y variaciones de precios de los alimentos ofertados y demandados en los mercados principales en el \u00e1mbito Nacional.<\/span><\/p><\/li><li><p align=\"justify\"><span style=\"font-size: medium;\">Recopilar precios de los productos agropecuarios y agroindustriales en ciudades capitales, intermedias y poblaci\u00f3n fronteriza.<\/span><\/p><\/li><\/ul><h2 align=\"justify\">\u00a0<\/h2>\t\t\t\t\t\t\t\t<\/div>\n\t\t\t\t<\/div>\n\t\t\t\t<div class=\"elementor-element elementor-element-1d8eb9f elementor-skin-carousel elementor-arrows-yes elementor-pagination-type-bullets elementor-pagination-position-outside elementor-widget elementor-widget-media-carousel\" data-id=\"1d8eb9f\" data-element_type=\"widget\" data-settings=\"{&quot;skin&quot;:&quot;carousel&quot;,&quot;effect&quot;:&quot;slide&quot;,&quot;show_arrows&quot;:&quot;yes&quot;,&quot;pagination&quot;:&quot;bullets&quot;,&quot;speed&quot;:500,&quot;autoplay&quot;:&quot;yes&quot;,&quot;autoplay_speed&quot;:5000,&quot;loop&quot;:&quot;yes&quot;,&quot;pause_on_hover&quot;:&quot;yes&quot;,&quot;pause_on_interaction&quot;:&quot;yes&quot;,&quot;space_between&quot;:{&quot;unit&quot;:&quot;px&quot;,&quot;size&quot;:10,&quot;sizes&quot;:[]},&quot;space_between_tablet&quot;:{&quot;unit&quot;:&quot;px&quot;,&quot;size&quot;:10,&quot;sizes&quot;:[]},&quot;space_between_mobile&quot;:{&quot;unit&quot;:&quot;px&quot;,&quot;size&quot;:10,&quot;sizes&quot;:[]}}\" data-widget_type=\"media-carousel.default\">\n\t\t\t\t<div class=\"elementor-widget-container\">\n\t\t\t\t\t\t\t\t\t<div class=\"elementor-swiper\">\n\t\t\t\t\t<div class=\"elementor-main-swiper swiper\" role=\"region\" aria-roledescription=\"carousel\" aria-label=\"Slides\">\n\t\t\t\t<div class=\"swiper-wrapper\">\n\t\t\t\t\t\t\t\t\t\t\t<div class=\"swiper-slide\" role=\"group\" aria-roledescription=\"slide\">\n\t\t\t\t\t\t\t\t\t<div class=\"elementor-carousel-image\" role=\"img\" aria-label=\"OAP-2-1-768x1024\" style=\"background-image: url(&#039;https:\/\/observatorioagro.gob.bo\/wp-content\/uploads\/2025\/06\/OAP-2-1-768x1024-1.jpeg&#039;)\">\n\n\t\t\t\n\t\t\t\t\t<\/div>\n\t\t\t\t\t\t\t\t<\/div>\n\t\t\t\t\t\t\t\t\t\t\t<div class=\"swiper-slide\" role=\"group\" aria-roledescription=\"slide\">\n\t\t\t\t\t\t\t\t\t<div class=\"elementor-carousel-image\" role=\"img\" aria-label=\"OAP-3-1-768x1024\" style=\"background-image: url(&#039;https:\/\/observatorioagro.gob.bo\/wp-content\/uploads\/2025\/06\/OAP-3-1-768x1024-1.jpeg&#039;)\">\n\n\t\t\t\n\t\t\t\t\t<\/div>\n\t\t\t\t\t\t\t\t<\/div>\n\t\t\t\t\t\t\t\t\t\t\t<div class=\"swiper-slide\" role=\"group\" aria-roledescription=\"slide\">\n\t\t\t\t\t\t\t\t\t<div class=\"elementor-carousel-image\" role=\"img\" aria-label=\"OAP-6-1-768x1024\" style=\"background-image: url(&#039;https:\/\/observatorioagro.gob.bo\/wp-content\/uploads\/2025\/06\/OAP-6-1-768x1024-1.jpeg&#039;)\">\n\n\t\t\t\n\t\t\t\t\t<\/div>\n\t\t\t\t\t\t\t\t<\/div>\n\t\t\t\t\t\t\t\t\t<\/div>\n\t\t\t\t\t\t\t\t\t\t\t\t\t\t\t<div class=\"elementor-swiper-button elementor-swiper-button-prev\" role=\"button\" tabindex=\"0\" aria-label=\"Previous\">\n\t\t\t\t\t\t\t<svg aria-hidden=\"true\" class=\"e-font-icon-svg e-eicon-chevron-left\" viewBox=\"0 0 1000 1000\" xmlns=\"http:\/\/www.w3.org\/2000\/svg\"><path d=\"M646 125C629 125 613 133 604 142L308 442C296 454 292 471 292 487 292 504 296 521 308 533L604 854C617 867 629 875 646 875 663 875 679 871 692 858 704 846 713 829 713 812 713 796 708 779 692 767L438 487 692 225C700 217 708 204 708 187 708 171 704 154 692 142 675 129 663 125 646 125Z\"><\/path><\/svg>\t\t\t\t\t\t<\/div>\n\t\t\t\t\t\t<div class=\"elementor-swiper-button elementor-swiper-button-next\" role=\"button\" tabindex=\"0\" aria-label=\"Next\">\n\t\t\t\t\t\t\t<svg aria-hidden=\"true\" class=\"e-font-icon-svg e-eicon-chevron-right\" viewBox=\"0 0 1000 1000\" xmlns=\"http:\/\/www.w3.org\/2000\/svg\"><path d=\"M696 533C708 521 713 504 713 487 713 471 708 454 696 446L400 146C388 133 375 125 354 125 338 125 325 129 313 142 300 154 292 171 292 187 292 204 296 221 308 233L563 492 304 771C292 783 288 800 288 817 288 833 296 850 308 863 321 871 338 875 354 875 371 875 388 867 400 854L696 533Z\"><\/path><\/svg>\t\t\t\t\t\t<\/div>\n\t\t\t\t\t\t\t\t\t\t\t\t\t\t\t\t<div class=\"swiper-pagination\"><\/div>\n\t\t\t\t\t\t\t\t\t\t\t\t<\/div>\n\t\t\t\t<\/div>\n\t\t\t\t\t\t\t\t<\/div>\n\t\t\t\t<\/div>\n\t\t\t\t<div class=\"elementor-element elementor-element-13b3582 elementor-widget elementor-widget-text-editor\" data-id=\"13b3582\" data-element_type=\"widget\" data-widget_type=\"text-editor.default\">\n\t\t\t\t<div class=\"elementor-widget-container\">\n\t\t\t\t\t\t\t\t\t<h2><strong>Generaci\u00f3n de Reportes<\/strong><\/h2><p align=\"justify\"><span style=\"font-size: medium;\">Una vez que se valide la informaci\u00f3n se procede con la elaboraci\u00f3n de los siguientes reportes:<\/span><\/p><h4 style=\"padding-left: 40px;\" align=\"justify\"><strong>Reporte de precios de variaci\u00f3n semanal<\/strong><\/h4><p style=\"padding-left: 40px;\" align=\"justify\"><span style=\"font-size: medium;\">El reporte se elabora de lunes a viernes y se denomina \u201c<\/span><span style=\"font-size: medium;\"><b>Bolet\u00edn de Variaci\u00f3n Semanal de Precios Mayoristas y Minoristas\u201d<\/b><\/span><span style=\"font-size: medium;\">. Este bolet\u00edn incluye el an\u00e1lisis de la variaci\u00f3n semanal de precios de 14 productos agropecuarios y agroindustriales prioritarios, entre los que se encuentran: papa huaycha, tomate, cebolla cabeza roja, zanahoria, piment\u00f3n, arveja, haba, carne de pollo, carne de res, carne de cerdo, harina blanca, harina blanca importada, arroz de primera calidad y az\u00facar blanco.<\/span><\/p><p style=\"padding-left: 40px;\" align=\"justify\"><span style=\"font-size: medium;\">La variaci\u00f3n se calcula comparando los precios mayoristas del d\u00eda de elaboraci\u00f3n del reporte con los precios registrados el mismo d\u00eda de la semana anterior. El bolet\u00edn se emite hasta las diez de la ma\u00f1ana del d\u00eda monitoreado y posteriormente es remitido a las autoridades del Ministerio de Desarrollo Rural y Tierras, as\u00ed como a otras carteras de Estado que lo soliciten, constituy\u00e9ndose en un insumo clave para el seguimiento de precios y la toma de decisiones.<\/span><\/p><h4 style=\"padding-left: 40px;\" align=\"justify\"><strong>Reporte de Precios Diarios<\/strong><\/h4><p style=\"padding-left: 40px;\" align=\"justify\"><span style=\"font-size: medium;\">El Bolet\u00edn Diario de Precios Mayoristas es un reporte que se elabora de manera diaria, de lunes a s\u00e1bado, y presenta informaci\u00f3n actualizada sobre 92 productos agropecuarios. Este bolet\u00edn compara los precios mayoristas registrados el d\u00eda de su elaboraci\u00f3n con los del d\u00eda anterior, calculando as\u00ed la variaci\u00f3n diaria de precios.<\/span><\/p><p style=\"padding-left: 40px;\" align=\"justify\"><span style=\"font-size: medium;\">El informe se distribuye en formatos Excel y PDF, a trav\u00e9s del correo electr\u00f3nico institucional (mdryt.oap.2011@gmail.com), y se remite hasta el mediod\u00eda a instituciones p\u00fablicas y privadas que lo solicitan. Entre los destinatarios habituales se encuentran la Vicepresidencia del Estado Plurinacional de Bolivia, el Banco Central de Bolivia, el Instituto Nacional de Estad\u00edstica (INE), Insumos Bolivia, el Banco de Desarrollo Productivo, diversos ministerios y sus unidades dependientes, entre otras entidades interesadas en el monitoreo de precios agropecuarios.<\/span><\/p>\t\t\t\t\t\t\t\t<\/div>\n\t\t\t\t<\/div>\n\t\t\t\t<div class=\"elementor-element elementor-element-100cf0b elementor-skin-carousel elementor-arrows-yes elementor-pagination-type-bullets elementor-pagination-position-outside elementor-widget elementor-widget-media-carousel\" data-id=\"100cf0b\" data-element_type=\"widget\" data-settings=\"{&quot;skin&quot;:&quot;carousel&quot;,&quot;effect&quot;:&quot;slide&quot;,&quot;show_arrows&quot;:&quot;yes&quot;,&quot;pagination&quot;:&quot;bullets&quot;,&quot;speed&quot;:500,&quot;autoplay&quot;:&quot;yes&quot;,&quot;autoplay_speed&quot;:5000,&quot;loop&quot;:&quot;yes&quot;,&quot;pause_on_hover&quot;:&quot;yes&quot;,&quot;pause_on_interaction&quot;:&quot;yes&quot;,&quot;space_between&quot;:{&quot;unit&quot;:&quot;px&quot;,&quot;size&quot;:10,&quot;sizes&quot;:[]},&quot;space_between_tablet&quot;:{&quot;unit&quot;:&quot;px&quot;,&quot;size&quot;:10,&quot;sizes&quot;:[]},&quot;space_between_mobile&quot;:{&quot;unit&quot;:&quot;px&quot;,&quot;size&quot;:10,&quot;sizes&quot;:[]}}\" data-widget_type=\"media-carousel.default\">\n\t\t\t\t<div class=\"elementor-widget-container\">\n\t\t\t\t\t\t\t\t\t<div class=\"elementor-swiper\">\n\t\t\t\t\t<div class=\"elementor-main-swiper swiper\" role=\"region\" aria-roledescription=\"carousel\" aria-label=\"Slides\">\n\t\t\t\t<div class=\"swiper-wrapper\">\n\t\t\t\t\t\t\t\t\t\t\t<div class=\"swiper-slide\" role=\"group\" aria-roledescription=\"slide\">\n\t\t\t\t\t\t\t\t\t<div class=\"elementor-carousel-image\" role=\"img\" aria-label=\"OAP-7-1-768x1024\" style=\"background-image: url(&#039;https:\/\/observatorioagro.gob.bo\/wp-content\/uploads\/2025\/06\/OAP-7-1-768x1024-1.jpeg&#039;)\">\n\n\t\t\t\n\t\t\t\t\t<\/div>\n\t\t\t\t\t\t\t\t<\/div>\n\t\t\t\t\t\t\t\t\t\t\t<div class=\"swiper-slide\" role=\"group\" aria-roledescription=\"slide\">\n\t\t\t\t\t\t\t\t\t<div class=\"elementor-carousel-image\" role=\"img\" aria-label=\"OAP-11-1-300x226\" style=\"background-image: url(&#039;https:\/\/observatorioagro.gob.bo\/wp-content\/uploads\/2025\/06\/OAP-11-1-300x226-1.jpeg&#039;)\">\n\n\t\t\t\n\t\t\t\t\t<\/div>\n\t\t\t\t\t\t\t\t<\/div>\n\t\t\t\t\t\t\t\t\t\t\t<div class=\"swiper-slide\" role=\"group\" aria-roledescription=\"slide\">\n\t\t\t\t\t\t\t\t\t<div class=\"elementor-carousel-image\" role=\"img\" aria-label=\"OAP-13-1-768x1024\" style=\"background-image: url(&#039;https:\/\/observatorioagro.gob.bo\/wp-content\/uploads\/2025\/06\/OAP-13-1-768x1024-1.jpeg&#039;)\">\n\n\t\t\t\n\t\t\t\t\t<\/div>\n\t\t\t\t\t\t\t\t<\/div>\n\t\t\t\t\t\t\t\t\t<\/div>\n\t\t\t\t\t\t\t\t\t\t\t\t\t\t\t<div class=\"elementor-swiper-button elementor-swiper-button-prev\" role=\"button\" tabindex=\"0\" aria-label=\"Previous\">\n\t\t\t\t\t\t\t<svg aria-hidden=\"true\" class=\"e-font-icon-svg e-eicon-chevron-left\" viewBox=\"0 0 1000 1000\" xmlns=\"http:\/\/www.w3.org\/2000\/svg\"><path d=\"M646 125C629 125 613 133 604 142L308 442C296 454 292 471 292 487 292 504 296 521 308 533L604 854C617 867 629 875 646 875 663 875 679 871 692 858 704 846 713 829 713 812 713 796 708 779 692 767L438 487 692 225C700 217 708 204 708 187 708 171 704 154 692 142 675 129 663 125 646 125Z\"><\/path><\/svg>\t\t\t\t\t\t<\/div>\n\t\t\t\t\t\t<div class=\"elementor-swiper-button elementor-swiper-button-next\" role=\"button\" tabindex=\"0\" aria-label=\"Next\">\n\t\t\t\t\t\t\t<svg aria-hidden=\"true\" class=\"e-font-icon-svg e-eicon-chevron-right\" viewBox=\"0 0 1000 1000\" xmlns=\"http:\/\/www.w3.org\/2000\/svg\"><path d=\"M696 533C708 521 713 504 713 487 713 471 708 454 696 446L400 146C388 133 375 125 354 125 338 125 325 129 313 142 300 154 292 171 292 187 292 204 296 221 308 233L563 492 304 771C292 783 288 800 288 817 288 833 296 850 308 863 321 871 338 875 354 875 371 875 388 867 400 854L696 533Z\"><\/path><\/svg>\t\t\t\t\t\t<\/div>\n\t\t\t\t\t\t\t\t\t\t\t\t\t\t\t\t<div class=\"swiper-pagination\"><\/div>\n\t\t\t\t\t\t\t\t\t\t\t\t<\/div>\n\t\t\t\t<\/div>\n\t\t\t\t\t\t\t\t<\/div>\n\t\t\t\t<\/div>\n\t\t\t\t<\/div>\n\t\t<div class=\"elementor-element elementor-element-635e0a8 e-con-full e-flex e-con e-child\" data-id=\"635e0a8\" data-element_type=\"container\">\n\t\t<div class=\"elementor-element elementor-element-a892ac4 e-con-full elementor-hidden-tablet elementor-hidden-mobile e-flex e-con e-child\" data-id=\"a892ac4\" data-element_type=\"container\" data-settings=\"{&quot;background_background&quot;:&quot;classic&quot;}\">\n\t\t\t\t<div class=\"elementor-element elementor-element-0f28118 elementor-widget elementor-widget-facebook-page\" data-id=\"0f28118\" data-element_type=\"widget\" data-widget_type=\"facebook-page.default\">\n\t\t\t\t<div class=\"elementor-widget-container\">\n\t\t\t\t\t<div class=\"elementor-facebook-widget fb-page\" data-href=\"https:\/\/www.facebook.com\/oapmdryt\" data-tabs=\"timeline\" data-height=\"841px\" data-width=\"500px\" data-small-header=\"false\" data-hide-cover=\"false\" data-show-facepile=\"false\" data-hide-cta=\"false\" style=\"min-height: 1px;height:841px\"><\/div>\t\t\t\t<\/div>\n\t\t\t\t<\/div>\n\t\t\t\t<div class=\"elementor-element elementor-element-6865299 elementor-widget elementor-widget-heading\" data-id=\"6865299\" data-element_type=\"widget\" data-widget_type=\"heading.default\">\n\t\t\t\t<div class=\"elementor-widget-container\">\n\t\t\t\t\t<h3 class=\"elementor-heading-title elementor-size-default\">Noticias<\/h3>\t\t\t\t<\/div>\n\t\t\t\t<\/div>\n\t\t\t\t<div class=\"elementor-element elementor-element-f50bd12 elementor-grid-1 elementor-grid-tablet-2 elementor-grid-mobile-1 elementor-posts--thumbnail-top elementor-widget elementor-widget-posts\" data-id=\"f50bd12\" data-element_type=\"widget\" data-settings=\"{&quot;classic_columns&quot;:&quot;1&quot;,&quot;classic_columns_tablet&quot;:&quot;2&quot;,&quot;classic_columns_mobile&quot;:&quot;1&quot;,&quot;classic_row_gap&quot;:{&quot;unit&quot;:&quot;px&quot;,&quot;size&quot;:35,&quot;sizes&quot;:[]},&quot;classic_row_gap_tablet&quot;:{&quot;unit&quot;:&quot;px&quot;,&quot;size&quot;:&quot;&quot;,&quot;sizes&quot;:[]},&quot;classic_row_gap_mobile&quot;:{&quot;unit&quot;:&quot;px&quot;,&quot;size&quot;:&quot;&quot;,&quot;sizes&quot;:[]}}\" data-widget_type=\"posts.classic\">\n\t\t\t\t<div class=\"elementor-widget-container\">\n\t\t\t\t\t\t\t<div class=\"elementor-posts-container elementor-posts elementor-posts--skin-classic elementor-grid\" role=\"list\">\n\t\t\t\t<article class=\"elementor-post elementor-grid-item post-3755 post type-post status-publish format-standard has-post-thumbnail hentry category-uncategorized\" role=\"listitem\">\n\t\t\t\t<a class=\"elementor-post__thumbnail__link\" href=\"https:\/\/observatorioagro.gob.bo\/?p=3755\" tabindex=\"-1\" >\n\t\t\t<div class=\"elementor-post__thumbnail\"><img decoding=\"async\" width=\"300\" height=\"199\" src=\"https:\/\/observatorioagro.gob.bo\/wp-content\/uploads\/2025\/09\/ganado.jpg\" class=\"attachment-medium size-medium wp-image-3759\" alt=\"\" \/><\/div>\n\t\t<\/a>\n\t\t\t\t<div class=\"elementor-post__text\">\n\t\t\t\t<h3 class=\"elementor-post__title\">\n\t\t\t<a href=\"https:\/\/observatorioagro.gob.bo\/?p=3755\" >\n\t\t\t\tMinisterio de Desarrollo Rural y Tierras (MDRyT) beneficia a 250 peque\u00f1os productores de Palos Blancos con la entrega de vaquillas y toros reproductores\t\t\t<\/a>\n\t\t<\/h3>\n\t\t\t\t<div class=\"elementor-post__meta-data\">\n\t\t\t\t\t<span class=\"elementor-post-date\">\n\t\t\tseptiembre 10, 2025\t\t<\/span>\n\t\t\t\t<span class=\"elementor-post-avatar\">\n\t\t\tNo hay comentarios\t\t<\/span>\n\t\t\t\t<\/div>\n\t\t\t\t<div class=\"elementor-post__excerpt\">\n\t\t\t<p>Comunicaci\u00f3n MDRyt &#8211; La Paz, Bolivia &#8211;\u00a0 8 de septiembre de 2025. Con una inversi\u00f3n de Bs 853.225, el Gobierno del presidente Lucho Arce a<\/p>\n\t\t<\/div>\n\t\t\n\t\t<a class=\"elementor-post__read-more\" href=\"https:\/\/observatorioagro.gob.bo\/?p=3755\" aria-label=\"Read more about Ministerio de Desarrollo Rural y Tierras (MDRyT) beneficia a 250 peque\u00f1os productores de Palos Blancos con la entrega de vaquillas y toros reproductores\" tabindex=\"-1\" >\n\t\t\tRead More \u00bb\t\t<\/a>\n\n\t\t\t\t<\/div>\n\t\t\t\t<\/article>\n\t\t\t\t<article class=\"elementor-post elementor-grid-item post-3747 post type-post status-publish format-standard has-post-thumbnail hentry category-uncategorized\" role=\"listitem\">\n\t\t\t\t<a class=\"elementor-post__thumbnail__link\" href=\"https:\/\/observatorioagro.gob.bo\/?p=3747\" tabindex=\"-1\" >\n\t\t\t<div class=\"elementor-post__thumbnail\"><img decoding=\"async\" width=\"300\" height=\"225\" src=\"https:\/\/observatorioagro.gob.bo\/wp-content\/uploads\/2025\/09\/laboratorio-iniaf.jpg\" class=\"attachment-medium size-medium wp-image-3751\" alt=\"\" \/><\/div>\n\t\t<\/a>\n\t\t\t\t<div class=\"elementor-post__text\">\n\t\t\t\t<h3 class=\"elementor-post__title\">\n\t\t\t<a href=\"https:\/\/observatorioagro.gob.bo\/?p=3747\" >\n\t\t\t\tTras auditoria internacional INIAF ratifica acreditaci\u00f3n para avalar exportaci\u00f3n de semillas\t\t\t<\/a>\n\t\t<\/h3>\n\t\t\t\t<div class=\"elementor-post__meta-data\">\n\t\t\t\t\t<span class=\"elementor-post-date\">\n\t\t\tseptiembre 10, 2025\t\t<\/span>\n\t\t\t\t<span class=\"elementor-post-avatar\">\n\t\t\tNo hay comentarios\t\t<\/span>\n\t\t\t\t<\/div>\n\t\t\t\t<div class=\"elementor-post__excerpt\">\n\t\t\t<p>Comunicaci\u00f3n MDRyt &#8211; Santa Cruz, Bolivia &#8211;\u00a0 9 de septiembre de 2025. El organismo de referencia mundial en an\u00e1lisis de semillas, International Seed Testing Association<\/p>\n\t\t<\/div>\n\t\t\n\t\t<a class=\"elementor-post__read-more\" href=\"https:\/\/observatorioagro.gob.bo\/?p=3747\" aria-label=\"Read more about Tras auditoria internacional INIAF ratifica acreditaci\u00f3n para avalar exportaci\u00f3n de semillas\" tabindex=\"-1\" >\n\t\t\tRead More \u00bb\t\t<\/a>\n\n\t\t\t\t<\/div>\n\t\t\t\t<\/article>\n\t\t\t\t<\/div>\n\t\t\n\t\t\t\t\t\t<\/div>\n\t\t\t\t<\/div>\n\t\t\t\t<\/div>\n\t\t\t\t<\/div>\n\t\t\t\t<\/div>\n\t\t\t\t<\/div>\n\t\t","protected":false},"excerpt":{"rendered":"<p>Sistema de Informaci\u00f3n de Precios El \u00e1rea de Sistema de Informaci\u00f3n de Precios se encarga de recopilar, analizar, generar y difundir informaci\u00f3n especializada del sector agropecuario y del desarrollo rural, con el prop\u00f3sito de apoyar la toma de decisiones orientadas a garantizar la seguridad y soberan\u00eda alimentaria, as\u00ed como a promover el desarrollo rural. Esta [&hellip;]<\/p>\n","protected":false},"author":1,"featured_media":0,"parent":0,"menu_order":0,"comment_status":"closed","ping_status":"closed","template":"","meta":{"footnotes":""},"class_list":["post-35","page","type-page","status-publish","hentry"],"_links":{"self":[{"href":"https:\/\/observatorioagro.gob.bo\/index.php?rest_route=\/wp\/v2\/pages\/35","targetHints":{"allow":["GET"]}}],"collection":[{"href":"https:\/\/observatorioagro.gob.bo\/index.php?rest_route=\/wp\/v2\/pages"}],"about":[{"href":"https:\/\/observatorioagro.gob.bo\/index.php?rest_route=\/wp\/v2\/types\/page"}],"author":[{"embeddable":true,"href":"https:\/\/observatorioagro.gob.bo\/index.php?rest_route=\/wp\/v2\/users\/1"}],"replies":[{"embeddable":true,"href":"https:\/\/observatorioagro.gob.bo\/index.php?rest_route=%2Fwp%2Fv2%2Fcomments&post=35"}],"version-history":[{"count":22,"href":"https:\/\/observatorioagro.gob.bo\/index.php?rest_route=\/wp\/v2\/pages\/35\/revisions"}],"predecessor-version":[{"id":1072,"href":"https:\/\/observatorioagro.gob.bo\/index.php?rest_route=\/wp\/v2\/pages\/35\/revisions\/1072"}],"wp:attachment":[{"href":"https:\/\/observatorioagro.gob.bo\/index.php?rest_route=%2Fwp%2Fv2%2Fmedia&parent=35"}],"curies":[{"name":"wp","href":"https:\/\/api.w.org\/{rel}","templated":true}]}}