{"id":39,"date":"2025-06-08T16:57:02","date_gmt":"2025-06-08T16:57:02","guid":{"rendered":"http:\/\/web.observatorioagro.gob.bo\/?page_id=39"},"modified":"2025-07-22T15:43:11","modified_gmt":"2025-07-22T15:43:11","slug":"cultivos-agricolas","status":"publish","type":"page","link":"https:\/\/observatorioagro.gob.bo\/?page_id=39","title":{"rendered":"Programas"},"content":{"rendered":"\t\t<div data-elementor-type=\"wp-page\" data-elementor-id=\"39\" class=\"elementor elementor-39\" data-elementor-post-type=\"page\">\n\t\t\t\t<div class=\"elementor-element elementor-element-ec7b93a e-flex e-con-boxed e-con e-parent\" data-id=\"ec7b93a\" data-element_type=\"container\" data-settings=\"{&quot;background_background&quot;:&quot;classic&quot;}\">\n\t\t\t\t\t<div class=\"e-con-inner\">\n\t\t<div class=\"elementor-element elementor-element-a6b392a e-con-full e-flex e-con e-child\" data-id=\"a6b392a\" data-element_type=\"container\">\n\t\t\t\t<div class=\"elementor-element elementor-element-40f7860 elementor-widget__width-initial elementor-widget elementor-widget-heading\" data-id=\"40f7860\" data-element_type=\"widget\" data-widget_type=\"heading.default\">\n\t\t\t\t<div class=\"elementor-widget-container\">\n\t\t\t\t\t<h1 class=\"elementor-heading-title elementor-size-default\">Programas <\/h1>\t\t\t\t<\/div>\n\t\t\t\t<\/div>\n\t\t\t\t<div class=\"elementor-element elementor-element-91366a1 elementor-widget elementor-widget-n-accordion\" data-id=\"91366a1\" data-element_type=\"widget\" data-settings=\"{&quot;default_state&quot;:&quot;all_collapsed&quot;,&quot;max_items_expended&quot;:&quot;one&quot;,&quot;n_accordion_animation_duration&quot;:{&quot;unit&quot;:&quot;ms&quot;,&quot;size&quot;:400,&quot;sizes&quot;:[]}}\" data-widget_type=\"nested-accordion.default\">\n\t\t\t\t<div class=\"elementor-widget-container\">\n\t\t\t\t\t\t\t<div class=\"e-n-accordion\" aria-label=\"Accordion. Open links with Enter or Space, close with Escape, and navigate with Arrow Keys\">\n\t\t\t\t\t\t<details id=\"e-n-accordion-item-1520\" class=\"e-n-accordion-item\" >\n\t\t\t\t<summary class=\"e-n-accordion-item-title\" data-accordion-index=\"1\" tabindex=\"0\" aria-expanded=\"false\" aria-controls=\"e-n-accordion-item-1520\" >\n\t\t\t\t\t<span class='e-n-accordion-item-title-header'><p class=\"e-n-accordion-item-title-text\"> El Ministerio de Desarrollo Rural y Tierras (MDRyT), como entidad rectora de las pol\u00edticas p\u00fablicas del desarrollo rural integral del Estado Plurinacional de Bolivia, ejecuta una serie de programas agropecuarios orientados a mejorar las condiciones de vida de las familias productoras, fortalecer la producci\u00f3n agropecuaria primaria, reducir las importaciones de productos estrat\u00e9gicos, fomentar la seguridad y soberan\u00eda alimentaria, y promover una econom\u00eda rural productiva, inclusiva y sostenible. debajo de este colocar  <b>Conocer mas...<\/b> <\/p><\/span>\n\t\t\t\t\t\t\t\t\t<\/summary>\n\t\t\t\t<div role=\"region\" aria-labelledby=\"e-n-accordion-item-1520\" class=\"elementor-element elementor-element-059ec70 e-con-full e-flex e-con e-child\" data-id=\"059ec70\" data-element_type=\"container\">\n\t\t<div role=\"region\" aria-labelledby=\"e-n-accordion-item-1520\" class=\"elementor-element elementor-element-34732ae e-flex e-con-boxed e-con e-child\" data-id=\"34732ae\" data-element_type=\"container\">\n\t\t\t\t\t<div class=\"e-con-inner\">\n\t\t\t\t<div class=\"elementor-element elementor-element-ebcffaa elementor-widget elementor-widget-text-editor\" data-id=\"ebcffaa\" data-element_type=\"widget\" data-widget_type=\"text-editor.default\">\n\t\t\t\t<div class=\"elementor-widget-container\">\n\t\t\t\t\t\t\t\t\t<p>Las acciones del MDRyT y de sus entidades descentralizadas, desconcentradas y bajo tuici\u00f3n se fundamentan en un marco normativo y estrat\u00e9gico que gu\u00eda el accionar del Estado en el \u00e1mbito rural. Entre estos instrumentos se destaca la Ley N.\u00ba 144 \u2013 Ley de la Revoluci\u00f3n Productiva Comunitaria Agropecuaria (promulgada el 26 de junio de 2011), que establece las bases para el desarrollo del sistema agropecuario y forestal del pa\u00eds, bajo un modelo econ\u00f3mico social comunitario productivo. Esta ley prioriza la producci\u00f3n nacional, el acceso a tecnolog\u00eda, la recuperaci\u00f3n de saberes ancestrales, la gesti\u00f3n sustentable de los recursos naturales y el fortalecimiento de la econom\u00eda familiar comunitaria.<\/p><p>De manera complementaria, el accionar institucional se enmarca en el Plan de Desarrollo Econ\u00f3mico y Social (PDES) 2021\u20132025 que plantea entre sus metas estrat\u00e9gicas la consolidaci\u00f3n de la soberan\u00eda alimentaria con seguridad, la industrializaci\u00f3n con sustituci\u00f3n de importaciones y el desarrollo rural integral con enfoque territorial. Asimismo, los programas sectoriales responden a los lineamientos del Plan Sectorial de Desarrollo Integral para el Vivir Bien del Sector Desarrollo Rural Agropecuario y Seguridad Alimentaria (PSDI-VB), como instrumento operativo sectorial del PDES. Estos programas constituyen un componente esencial del modelo de desarrollo rural productivo con justicia social, contribuyendo al cumplimiento de los Objetivos de Desarrollo Sostenible (ODS), especialmente aquellos vinculados al fin de la pobreza (ODS 1), hambre cero (ODS 2), producci\u00f3n y consumo responsables (ODS 12) y acci\u00f3n por el clima (ODS 13), entre otros.<\/p>\t\t\t\t\t\t\t\t<\/div>\n\t\t\t\t<\/div>\n\t\t\t\t\t<\/div>\n\t\t\t\t<\/div>\n\t\t\t\t<\/div>\n\t\t\t\t\t<\/details>\n\t\t\t\t\t<\/div>\n\t\t\t\t\t\t<\/div>\n\t\t\t\t<\/div>\n\t\t\t\t<\/div>\n\t\t<a class=\"elementor-element elementor-element-92fbfd3 e-con-full e-flex elementor-invisible e-con e-child\" data-id=\"92fbfd3\" data-element_type=\"container\" data-settings=\"{&quot;background_background&quot;:&quot;classic&quot;,&quot;animation&quot;:&quot;fadeIn&quot;}\" href=\"https:\/\/observatorioagro.gob.bo\/?page_id=210\">\n\t\t\t\t<div class=\"elementor-element elementor-element-202a2e1 elementor-widget__width-initial elementor-absolute elementor-widget elementor-widget-heading\" data-id=\"202a2e1\" data-element_type=\"widget\" data-settings=\"{&quot;_position&quot;:&quot;absolute&quot;}\" data-widget_type=\"heading.default\">\n\t\t\t\t<div class=\"elementor-widget-container\">\n\t\t\t\t\t<h5 class=\"elementor-heading-title elementor-size-default\">Granos Andinos como Quinua, Ca\u00f1ahua, Amaranto y Tarwi.<\/h5>\t\t\t\t<\/div>\n\t\t\t\t<\/div>\n\t\t\t\t<\/a>\n\t\t<a class=\"elementor-element elementor-element-a7398c7 e-con-full e-flex elementor-invisible e-con e-child\" data-id=\"a7398c7\" data-element_type=\"container\" data-settings=\"{&quot;background_background&quot;:&quot;classic&quot;,&quot;animation&quot;:&quot;fadeIn&quot;}\" href=\"https:\/\/observatorioagro.gob.bo\/?page_id=1585\">\n\t\t\t\t<div class=\"elementor-element elementor-element-1e69e5e elementor-widget__width-initial elementor-absolute elementor-widget elementor-widget-heading\" data-id=\"1e69e5e\" data-element_type=\"widget\" data-settings=\"{&quot;_position&quot;:&quot;absolute&quot;}\" data-widget_type=\"heading.default\">\n\t\t\t\t<div class=\"elementor-widget-container\">\n\t\t\t\t\t<h5 class=\"elementor-heading-title elementor-size-default\">Programa Nacional de Apoyo a la Producci\u00f3n de Frutas<\/h5>\t\t\t\t<\/div>\n\t\t\t\t<\/div>\n\t\t\t\t<\/a>\n\t\t<a class=\"elementor-element elementor-element-02fea7d e-con-full e-flex elementor-invisible e-con e-child\" data-id=\"02fea7d\" data-element_type=\"container\" data-settings=\"{&quot;background_background&quot;:&quot;classic&quot;,&quot;animation&quot;:&quot;fadeIn&quot;}\" href=\"https:\/\/observatorioagro.gob.bo\/?page_id=1596\">\n\t\t\t\t<div class=\"elementor-element elementor-element-45f674e elementor-widget__width-initial elementor-absolute elementor-widget elementor-widget-heading\" data-id=\"45f674e\" data-element_type=\"widget\" data-settings=\"{&quot;_position&quot;:&quot;absolute&quot;}\" data-widget_type=\"heading.default\">\n\t\t\t\t<div class=\"elementor-widget-container\">\n\t\t\t\t\t<h5 class=\"elementor-heading-title elementor-size-default\">Programa Nacional de Tub\u00e9rculos y Ra\u00edces.<\/h5>\t\t\t\t<\/div>\n\t\t\t\t<\/div>\n\t\t\t\t<\/a>\n\t\t<a class=\"elementor-element elementor-element-e910851 e-con-full e-flex elementor-invisible e-con e-child\" data-id=\"e910851\" data-element_type=\"container\" data-settings=\"{&quot;background_background&quot;:&quot;classic&quot;,&quot;animation&quot;:&quot;fadeIn&quot;}\" href=\"https:\/\/observatorioagro.gob.bo\/?page_id=1615\">\n\t\t\t\t<div class=\"elementor-element elementor-element-aad7f0c elementor-widget__width-initial elementor-absolute elementor-widget elementor-widget-heading\" data-id=\"aad7f0c\" data-element_type=\"widget\" data-settings=\"{&quot;_position&quot;:&quot;absolute&quot;}\" data-widget_type=\"heading.default\">\n\t\t\t\t<div class=\"elementor-widget-container\">\n\t\t\t\t\t<h5 class=\"elementor-heading-title elementor-size-default\">Producci\u00f3n y Comercializaci\u00f3n de Hortalizas<\/h5>\t\t\t\t<\/div>\n\t\t\t\t<\/div>\n\t\t\t\t<\/a>\n\t\t<a class=\"elementor-element elementor-element-33a7a80 e-con-full e-flex elementor-invisible e-con e-child\" data-id=\"33a7a80\" data-element_type=\"container\" data-settings=\"{&quot;background_background&quot;:&quot;classic&quot;,&quot;animation&quot;:&quot;fadeIn&quot;}\" href=\"https:\/\/observatorioagro.gob.bo\/?page_id=1628\">\n\t\t\t\t<div class=\"elementor-element elementor-element-02a330d elementor-widget__width-initial elementor-absolute elementor-widget elementor-widget-heading\" data-id=\"02a330d\" data-element_type=\"widget\" data-settings=\"{&quot;_position&quot;:&quot;absolute&quot;}\" data-widget_type=\"heading.default\">\n\t\t\t\t<div class=\"elementor-widget-container\">\n\t\t\t\t\t<h5 class=\"elementor-heading-title elementor-size-default\">Fomento a la Agricultura Urbana y Periurbana<\/h5>\t\t\t\t<\/div>\n\t\t\t\t<\/div>\n\t\t\t\t<\/a>\n\t\t<a class=\"elementor-element elementor-element-7338cc5 e-con-full e-flex elementor-invisible e-con e-child\" data-id=\"7338cc5\" data-element_type=\"container\" data-settings=\"{&quot;background_background&quot;:&quot;classic&quot;,&quot;animation&quot;:&quot;fadeIn&quot;}\" href=\"https:\/\/observatorioagro.gob.bo\/?page_id=1638\">\n\t\t\t\t<div class=\"elementor-element elementor-element-f7b05fb elementor-widget__width-initial elementor-absolute elementor-widget elementor-widget-heading\" data-id=\"f7b05fb\" data-element_type=\"widget\" data-settings=\"{&quot;_position&quot;:&quot;absolute&quot;}\" data-widget_type=\"heading.default\">\n\t\t\t\t<div class=\"elementor-widget-container\">\n\t\t\t\t\t<h5 class=\"elementor-heading-title elementor-size-default\">Ganader\u00eda Bovina para Peque\u00f1os Productores<\/h5>\t\t\t\t<\/div>\n\t\t\t\t<\/div>\n\t\t\t\t<\/a>\n\t\t<a class=\"elementor-element elementor-element-5e7f857 e-con-full e-flex elementor-invisible e-con e-child\" data-id=\"5e7f857\" data-element_type=\"container\" data-settings=\"{&quot;background_background&quot;:&quot;classic&quot;,&quot;animation&quot;:&quot;fadeIn&quot;}\" href=\"https:\/\/observatorioagro.gob.bo\/?page_id=1659\">\n\t\t\t\t<div class=\"elementor-element elementor-element-80775d9 elementor-widget__width-initial elementor-absolute elementor-widget elementor-widget-heading\" data-id=\"80775d9\" data-element_type=\"widget\" data-settings=\"{&quot;_position&quot;:&quot;absolute&quot;}\" data-widget_type=\"heading.default\">\n\t\t\t\t<div class=\"elementor-widget-container\">\n\t\t\t\t\t<h5 class=\"elementor-heading-title elementor-size-default\">Producci\u00f3n y Recolecci\u00f3n de Frutos Amaz\u00f3nicos<\/h5>\t\t\t\t<\/div>\n\t\t\t\t<\/div>\n\t\t\t\t<\/a>\n\t\t<a class=\"elementor-element elementor-element-ef271d3 e-con-full e-flex elementor-invisible e-con e-child\" data-id=\"ef271d3\" data-element_type=\"container\" data-settings=\"{&quot;background_background&quot;:&quot;classic&quot;,&quot;animation&quot;:&quot;fadeIn&quot;}\" href=\"https:\/\/observatorioagro.gob.bo\/?page_id=1670\">\n\t\t\t\t<div class=\"elementor-element elementor-element-cf5b0ba elementor-widget__width-initial elementor-absolute elementor-widget elementor-widget-heading\" data-id=\"cf5b0ba\" data-element_type=\"widget\" data-settings=\"{&quot;_position&quot;:&quot;absolute&quot;}\" data-widget_type=\"heading.default\">\n\t\t\t\t<div class=\"elementor-widget-container\">\n\t\t\t\t\t<h5 class=\"elementor-heading-title elementor-size-default\">Producci\u00f3n y Recolecci\u00f3n de Cacao<\/h5>\t\t\t\t<\/div>\n\t\t\t\t<\/div>\n\t\t\t\t<\/a>\n\t\t<a class=\"elementor-element elementor-element-213d8d0 e-con-full e-flex elementor-invisible e-con e-child\" data-id=\"213d8d0\" data-element_type=\"container\" data-settings=\"{&quot;background_background&quot;:&quot;classic&quot;,&quot;animation&quot;:&quot;fadeIn&quot;}\" href=\"https:\/\/observatorioagro.gob.bo\/?page_id=1680\">\n\t\t\t\t<div class=\"elementor-element elementor-element-24bf64d elementor-widget__width-initial elementor-absolute elementor-widget elementor-widget-heading\" data-id=\"24bf64d\" data-element_type=\"widget\" data-settings=\"{&quot;_position&quot;:&quot;absolute&quot;}\" data-widget_type=\"heading.default\">\n\t\t\t\t<div class=\"elementor-widget-container\">\n\t\t\t\t\t<h5 class=\"elementor-heading-title elementor-size-default\">Construyendo Resiliencia ante el Cambio Clim\u00e1tico en Familias Rurales (ACCESOS RURAL)<\/h5>\t\t\t\t<\/div>\n\t\t\t\t<\/div>\n\t\t\t\t<\/a>\n\t\t<a class=\"elementor-element elementor-element-2e443d3 e-con-full e-flex elementor-invisible e-con e-child\" data-id=\"2e443d3\" data-element_type=\"container\" data-settings=\"{&quot;background_background&quot;:&quot;classic&quot;,&quot;animation&quot;:&quot;fadeIn&quot;}\" href=\"https:\/\/observatorioagro.gob.bo\/?page_id=1691\">\n\t\t\t\t<div class=\"elementor-element elementor-element-6512127 elementor-widget__width-initial elementor-absolute elementor-widget elementor-widget-heading\" data-id=\"6512127\" data-element_type=\"widget\" data-settings=\"{&quot;_position&quot;:&quot;absolute&quot;}\" data-widget_type=\"heading.default\">\n\t\t\t\t<div class=\"elementor-widget-container\">\n\t\t\t\t\t<h5 class=\"elementor-heading-title elementor-size-default\">El Programa \"Nuestro Pozo\"<\/h5>\t\t\t\t<\/div>\n\t\t\t\t<\/div>\n\t\t\t\t<\/a>\n\t\t<a class=\"elementor-element elementor-element-1821102 e-con-full e-flex elementor-invisible e-con e-child\" data-id=\"1821102\" data-element_type=\"container\" data-settings=\"{&quot;background_background&quot;:&quot;classic&quot;,&quot;animation&quot;:&quot;fadeIn&quot;}\" href=\"https:\/\/observatorioagro.gob.bo\/?page_id=1701\">\n\t\t\t\t<div class=\"elementor-element elementor-element-14006cc elementor-widget__width-initial elementor-absolute elementor-widget elementor-widget-heading\" data-id=\"14006cc\" data-element_type=\"widget\" data-settings=\"{&quot;_position&quot;:&quot;absolute&quot;}\" data-widget_type=\"heading.default\">\n\t\t\t\t<div class=\"elementor-widget-container\">\n\t\t\t\t\t<h5 class=\"elementor-heading-title elementor-size-default\">Fortalecimiento Integral del Complejo de Cam\u00e9lidos<\/h5>\t\t\t\t<\/div>\n\t\t\t\t<\/div>\n\t\t\t\t<\/a>\n\t\t<a class=\"elementor-element elementor-element-efb79b5 e-con-full e-flex elementor-invisible e-con e-child\" data-id=\"efb79b5\" data-element_type=\"container\" data-settings=\"{&quot;background_background&quot;:&quot;classic&quot;,&quot;animation&quot;:&quot;fadeIn&quot;}\" href=\"https:\/\/observatorioagro.gob.bo\/?page_id=1748\">\n\t\t\t\t<div class=\"elementor-element elementor-element-81a53e7 elementor-widget__width-initial elementor-absolute elementor-widget elementor-widget-heading\" data-id=\"81a53e7\" data-element_type=\"widget\" data-settings=\"{&quot;_position&quot;:&quot;absolute&quot;}\" data-widget_type=\"heading.default\">\n\t\t\t\t<div class=\"elementor-widget-container\">\n\t\t\t\t\t<h5 class=\"elementor-heading-title elementor-size-default\">Programa de Alianzas Rurales (PAR II)<\/h5>\t\t\t\t<\/div>\n\t\t\t\t<\/div>\n\t\t\t\t<\/a>\n\t\t<a class=\"elementor-element elementor-element-af06689 e-con-full e-flex elementor-invisible e-con e-child\" data-id=\"af06689\" data-element_type=\"container\" data-settings=\"{&quot;background_background&quot;:&quot;classic&quot;,&quot;animation&quot;:&quot;fadeIn&quot;}\" href=\"https:\/\/observatorioagro.gob.bo\/?page_id=1760\">\n\t\t\t\t<div class=\"elementor-element elementor-element-2ca333c elementor-widget__width-initial elementor-absolute elementor-widget elementor-widget-heading\" data-id=\"2ca333c\" data-element_type=\"widget\" data-settings=\"{&quot;_position&quot;:&quot;absolute&quot;}\" data-widget_type=\"heading.default\">\n\t\t\t\t<div class=\"elementor-widget-container\">\n\t\t\t\t\t<h5 class=\"elementor-heading-title elementor-size-default\">Programa de Alianzas Rurales (PAR III)<\/h5>\t\t\t\t<\/div>\n\t\t\t\t<\/div>\n\t\t\t\t<\/a>\n\t\t<a class=\"elementor-element elementor-element-0f53078 e-con-full e-flex elementor-invisible e-con e-child\" data-id=\"0f53078\" data-element_type=\"container\" data-settings=\"{&quot;background_background&quot;:&quot;classic&quot;,&quot;animation&quot;:&quot;fadeIn&quot;}\" href=\"https:\/\/observatorioagro.gob.bo\/?page_id=1767\">\n\t\t\t\t<div class=\"elementor-element elementor-element-b33068b elementor-widget__width-initial elementor-absolute elementor-widget elementor-widget-heading\" data-id=\"b33068b\" data-element_type=\"widget\" data-settings=\"{&quot;_position&quot;:&quot;absolute&quot;}\" data-widget_type=\"heading.default\">\n\t\t\t\t<div class=\"elementor-widget-container\">\n\t\t\t\t\t<h5 class=\"elementor-heading-title elementor-size-default\">Fomento a la Producci\u00f3n de Especies Ole\u00edferas<\/h5>\t\t\t\t<\/div>\n\t\t\t\t<\/div>\n\t\t\t\t<\/a>\n\t\t<a class=\"elementor-element elementor-element-649d20b e-con-full e-flex elementor-invisible e-con e-child\" data-id=\"649d20b\" data-element_type=\"container\" data-settings=\"{&quot;background_background&quot;:&quot;classic&quot;,&quot;animation&quot;:&quot;fadeIn&quot;}\" href=\"https:\/\/observatorioagro.gob.bo\/?page_id=1840\">\n\t\t\t\t<div class=\"elementor-element elementor-element-63d5b23 elementor-widget__width-initial elementor-absolute elementor-widget elementor-widget-heading\" data-id=\"63d5b23\" data-element_type=\"widget\" data-settings=\"{&quot;_position&quot;:&quot;absolute&quot;}\" data-widget_type=\"heading.default\">\n\t\t\t\t<div class=\"elementor-widget-container\">\n\t\t\t\t\t<h5 class=\"elementor-heading-title elementor-size-default\">Producci\u00f3n y Comercializaci\u00f3n de Banano y Pl\u00e1tano<\/h5>\t\t\t\t<\/div>\n\t\t\t\t<\/div>\n\t\t\t\t<\/a>\n\t\t<a class=\"elementor-element elementor-element-b0dcc60 e-con-full e-flex elementor-invisible e-con e-child\" data-id=\"b0dcc60\" data-element_type=\"container\" data-settings=\"{&quot;background_background&quot;:&quot;classic&quot;,&quot;animation&quot;:&quot;fadeIn&quot;}\" href=\"https:\/\/observatorioagro.gob.bo\/?page_id=1850\">\n\t\t\t\t<div class=\"elementor-element elementor-element-6fad621 elementor-widget__width-initial elementor-absolute elementor-widget elementor-widget-heading\" data-id=\"6fad621\" data-element_type=\"widget\" data-settings=\"{&quot;_position&quot;:&quot;absolute&quot;}\" data-widget_type=\"heading.default\">\n\t\t\t\t<div class=\"elementor-widget-container\">\n\t\t\t\t\t<h5 class=\"elementor-heading-title elementor-size-default\">Apoyo a la producci\u00f3n de Algodones en Bolivia.<\/h5>\t\t\t\t<\/div>\n\t\t\t\t<\/div>\n\t\t\t\t<\/a>\n\t\t<a class=\"elementor-element elementor-element-a949ce8 e-con-full e-flex elementor-invisible e-con e-child\" data-id=\"a949ce8\" data-element_type=\"container\" data-settings=\"{&quot;background_background&quot;:&quot;classic&quot;,&quot;animation&quot;:&quot;fadeIn&quot;}\" href=\"https:\/\/observatorioagro.gob.bo\/?page_id=1864\">\n\t\t\t\t<div class=\"elementor-element elementor-element-2d5fbc0 elementor-widget__width-initial elementor-absolute elementor-widget elementor-widget-heading\" data-id=\"2d5fbc0\" data-element_type=\"widget\" data-settings=\"{&quot;_position&quot;:&quot;absolute&quot;}\" data-widget_type=\"heading.default\">\n\t\t\t\t<div class=\"elementor-widget-container\">\n\t\t\t\t\t<h5 class=\"elementor-heading-title elementor-size-default\">Producci\u00f3n Ap\u00edcola, bajo criterios de resiliencia al cambio clim\u00e1tico<\/h5>\t\t\t\t<\/div>\n\t\t\t\t<\/div>\n\t\t\t\t<\/a>\n\t\t<a class=\"elementor-element elementor-element-8f3f6d4 e-con-full e-flex elementor-invisible e-con e-child\" data-id=\"8f3f6d4\" data-element_type=\"container\" data-settings=\"{&quot;background_background&quot;:&quot;classic&quot;,&quot;animation&quot;:&quot;fadeIn&quot;}\" href=\"https:\/\/observatorioagro.gob.bo\/?page_id=1882\">\n\t\t\t\t<div class=\"elementor-element elementor-element-a3bcde5 elementor-widget__width-initial elementor-absolute elementor-widget elementor-widget-heading\" data-id=\"a3bcde5\" data-element_type=\"widget\" data-settings=\"{&quot;_position&quot;:&quot;absolute&quot;}\" data-widget_type=\"heading.default\">\n\t\t\t\t<div class=\"elementor-widget-container\">\n\t\t\t\t\t<h5 class=\"elementor-heading-title elementor-size-default\">Desarrollo de la Pesca y Acuicultura Sostenible en Bolivia<\/h5>\t\t\t\t<\/div>\n\t\t\t\t<\/div>\n\t\t\t\t<\/a>\n\t\t<a class=\"elementor-element elementor-element-52ff6ac e-con-full e-flex elementor-invisible e-con e-child\" data-id=\"52ff6ac\" data-element_type=\"container\" data-settings=\"{&quot;background_background&quot;:&quot;classic&quot;,&quot;animation&quot;:&quot;fadeIn&quot;}\" href=\"https:\/\/observatorioagro.gob.bo\/?page_id=1893\">\n\t\t\t\t<div class=\"elementor-element elementor-element-3867113 elementor-widget__width-initial elementor-absolute elementor-widget elementor-widget-heading\" data-id=\"3867113\" data-element_type=\"widget\" data-settings=\"{&quot;_position&quot;:&quot;absolute&quot;}\" data-widget_type=\"heading.default\">\n\t\t\t\t<div class=\"elementor-widget-container\">\n\t\t\t\t\t<h5 class=\"elementor-heading-title elementor-size-default\">Producci\u00f3n de Pi\u00f1a de exportaci\u00f3n y mercado nacional.<\/h5>\t\t\t\t<\/div>\n\t\t\t\t<\/div>\n\t\t\t\t<\/a>\n\t\t<a class=\"elementor-element elementor-element-cf6e3d9 e-con-full e-flex elementor-invisible e-con e-child\" data-id=\"cf6e3d9\" data-element_type=\"container\" data-settings=\"{&quot;background_background&quot;:&quot;classic&quot;,&quot;animation&quot;:&quot;fadeIn&quot;}\" href=\"https:\/\/observatorioagro.gob.bo\/?page_id=2639\">\n\t\t\t\t<div class=\"elementor-element elementor-element-6120468 elementor-widget__width-initial elementor-absolute elementor-widget elementor-widget-heading\" data-id=\"6120468\" data-element_type=\"widget\" data-settings=\"{&quot;_position&quot;:&quot;absolute&quot;}\" data-widget_type=\"heading.default\">\n\t\t\t\t<div class=\"elementor-widget-container\">\n\t\t\t\t\t<h5 class=\"elementor-heading-title elementor-size-default\">Programa Primaria del Cultivo de Soya<\/h5>\t\t\t\t<\/div>\n\t\t\t\t<\/div>\n\t\t\t\t<\/a>\n\t\t<a class=\"elementor-element elementor-element-01af97f e-con-full e-flex elementor-invisible e-con e-child\" data-id=\"01af97f\" data-element_type=\"container\" data-settings=\"{&quot;background_background&quot;:&quot;classic&quot;,&quot;animation&quot;:&quot;fadeIn&quot;}\" href=\"https:\/\/observatorioagro.gob.bo\/?page_id=2654\">\n\t\t\t\t<div class=\"elementor-element elementor-element-08d24f2 elementor-widget__width-initial elementor-absolute elementor-widget elementor-widget-heading\" data-id=\"08d24f2\" data-element_type=\"widget\" data-settings=\"{&quot;_position&quot;:&quot;absolute&quot;}\" data-widget_type=\"heading.default\">\n\t\t\t\t<div class=\"elementor-widget-container\">\n\t\t\t\t\t<h5 class=\"elementor-heading-title elementor-size-default\">Producci\u00f3n de Cereales<\/h5>\t\t\t\t<\/div>\n\t\t\t\t<\/div>\n\t\t\t\t<\/a>\n\t\t\t\t\t<\/div>\n\t\t\t\t<\/div>\n\t\t\t\t<\/div>\n\t\t","protected":false},"excerpt":{"rendered":"<p>Programas El Ministerio de Desarrollo Rural y Tierras (MDRyT), como entidad rectora de las pol\u00edticas p\u00fablicas del desarrollo rural integral del Estado Plurinacional de Bolivia, ejecuta una serie de programas agropecuarios orientados a mejorar las condiciones de vida de las familias productoras, fortalecer la producci\u00f3n agropecuaria primaria, reducir las importaciones de productos estrat\u00e9gicos, fomentar la [&hellip;]<\/p>\n","protected":false},"author":1,"featured_media":0,"parent":0,"menu_order":0,"comment_status":"closed","ping_status":"closed","template":"","meta":{"footnotes":""},"class_list":["post-39","page","type-page","status-publish","hentry"],"_links":{"self":[{"href":"https:\/\/observatorioagro.gob.bo\/index.php?rest_route=\/wp\/v2\/pages\/39","targetHints":{"allow":["GET"]}}],"collection":[{"href":"https:\/\/observatorioagro.gob.bo\/index.php?rest_route=\/wp\/v2\/pages"}],"about":[{"href":"https:\/\/observatorioagro.gob.bo\/index.php?rest_route=\/wp\/v2\/types\/page"}],"author":[{"embeddable":true,"href":"https:\/\/observatorioagro.gob.bo\/index.php?rest_route=\/wp\/v2\/users\/1"}],"replies":[{"embeddable":true,"href":"https:\/\/observatorioagro.gob.bo\/index.php?rest_route=%2Fwp%2Fv2%2Fcomments&post=39"}],"version-history":[{"count":80,"href":"https:\/\/observatorioagro.gob.bo\/index.php?rest_route=\/wp\/v2\/pages\/39\/revisions"}],"predecessor-version":[{"id":2700,"href":"https:\/\/observatorioagro.gob.bo\/index.php?rest_route=\/wp\/v2\/pages\/39\/revisions\/2700"}],"wp:attachment":[{"href":"https:\/\/observatorioagro.gob.bo\/index.php?rest_route=%2Fwp%2Fv2%2Fmedia&parent=39"}],"curies":[{"name":"wp","href":"https:\/\/api.w.org\/{rel}","templated":true}]}}