{"id":695,"date":"2025-06-14T21:05:47","date_gmt":"2025-06-14T21:05:47","guid":{"rendered":"http:\/\/web.observatorioagro.gob.bo\/?page_id=695"},"modified":"2025-06-26T17:28:29","modified_gmt":"2025-06-26T17:28:29","slug":"analisis","status":"publish","type":"page","link":"https:\/\/observatorioagro.gob.bo\/?page_id=695","title":{"rendered":"An\u00e1lisis"},"content":{"rendered":"\t\t<div data-elementor-type=\"wp-page\" data-elementor-id=\"695\" class=\"elementor elementor-695\" data-elementor-post-type=\"page\">\n\t\t\t\t<div class=\"elementor-element elementor-element-51cb06f e-con-full e-flex e-con e-parent\" data-id=\"51cb06f\" data-element_type=\"container\" data-settings=\"{&quot;background_background&quot;:&quot;classic&quot;}\">\n\t\t<div class=\"elementor-element elementor-element-b192486 e-con-full e-flex e-con e-child\" data-id=\"b192486\" data-element_type=\"container\">\n\t\t\t\t<div class=\"elementor-element elementor-element-1b926d2 elementor-widget elementor-widget-heading\" data-id=\"1b926d2\" data-element_type=\"widget\" data-widget_type=\"heading.default\">\n\t\t\t\t<div class=\"elementor-widget-container\">\n\t\t\t\t\t<h1 class=\"elementor-heading-title elementor-size-default\">An\u00e1lisis e Investigaci\u00f3n Aplicada\n\n<\/h1>\t\t\t\t<\/div>\n\t\t\t\t<\/div>\n\t\t\t\t<div class=\"elementor-element elementor-element-a899729 elementor-widget elementor-widget-image\" data-id=\"a899729\" data-element_type=\"widget\" data-widget_type=\"image.default\">\n\t\t\t\t<div class=\"elementor-widget-container\">\n\t\t\t\t\t\t\t\t\t\t\t\t\t\t\t<img fetchpriority=\"high\" decoding=\"async\" width=\"800\" height=\"600\" src=\"https:\/\/observatorioagro.gob.bo\/wp-content\/uploads\/2025\/06\/ANALISIS-1-1024x768-1.jpeg\" class=\"attachment-large size-large wp-image-743\" alt=\"\" \/>\t\t\t\t\t\t\t\t\t\t\t\t\t\t\t<\/div>\n\t\t\t\t<\/div>\n\t\t\t\t<div class=\"elementor-element elementor-element-83fe23d elementor-widget elementor-widget-text-editor\" data-id=\"83fe23d\" data-element_type=\"widget\" data-widget_type=\"text-editor.default\">\n\t\t\t\t<div class=\"elementor-widget-container\">\n\t\t\t\t\t\t\t\t\t<p>El \u00e1rea de An\u00e1lisis e Investigaci\u00f3n Aplicada, del Observatorio Agroambiental y Productivo (OAP) del Ministerio de Desarrollo Rural y Tierras (MDRyT), elabora estudios y documentos estad\u00edsticos basados en informaci\u00f3n de la producci\u00f3n agr\u00edcola y pecuaria. Esta informaci\u00f3n se recopila mediante trabajos de campo en zonas de cultivos estrat\u00e9gicos y a partir de registros administrativos. El objetivo es ofrecer herramientas \u00fatiles para la toma de decisiones en el sector agropecuario. Adem\u00e1s, se trabaja en coordinaci\u00f3n con el Instituto Nacional de Estad\u00edstica (INE) para consolidar y difundir datos confiables a trav\u00e9s de las series estad\u00edsticas oficiales del sector.<\/p><h2>\u00a0<\/h2><h2><strong>Objetivos<\/strong><\/h2><p>Sistematizar y generar informaci\u00f3n especializada, mediante el uso de sensores vivos, tecnolog\u00eda aeroespacial y otros medios, as\u00ed como, monitorear las reservas alimenticias nacionales y los cultivos estrat\u00e9gicos y las \u00e1reas en producci\u00f3n agropecuaria, para la toma de decisiones del sector agropecuario.<\/p><h2><strong>Funciones estrat\u00e9gicas<\/strong><\/h2><ul><li>Monitorear las reservas alimenticias Nacionales.<\/li><li>Monitorear los cultivos estrat\u00e9gicos y las \u00e1reas en producci\u00f3n<br \/>agropecuaria.<\/li><li>Monitorear el manejo y calidad de recursos productivos, suelo y agua.<\/li><li>Emitir de manera oportuna alertas tempranas en caso de situaciones de<br \/>riesgo que puedan afectar la soberan\u00eda alimentaria.<\/li><li>Generar informaci\u00f3n sobre la vocaci\u00f3n de uso de suelo con fines de<br \/>fomento y producci\u00f3n agropecuario.<\/li><li>Generar informaci\u00f3n estad\u00edstica primaria agropecuaria para ser<br \/>procesada y analizada.<\/li><li>Generar informaci\u00f3n sobre flujos de mercado de productos estrategicos<br \/>susceptibles de exportaci\u00f3n.<\/li><li>Elaborar el balance agroalimentario de productos priorizados por el<br \/>MDRyT.<\/li><li>Cuantificar informes de abastecimiento interno y precio justo de productos<br \/>regulados seg\u00fan normativa vigente.<\/li><\/ul>\t\t\t\t\t\t\t\t<\/div>\n\t\t\t\t<\/div>\n\t\t\t\t<div class=\"elementor-element elementor-element-cc93016 elementor-widget__width-initial elementor-widget-mobile__width-initial elementor-skin-carousel elementor-arrows-yes elementor-pagination-type-bullets elementor-pagination-position-outside elementor-widget elementor-widget-media-carousel\" data-id=\"cc93016\" data-element_type=\"widget\" data-settings=\"{&quot;skin&quot;:&quot;carousel&quot;,&quot;effect&quot;:&quot;slide&quot;,&quot;show_arrows&quot;:&quot;yes&quot;,&quot;pagination&quot;:&quot;bullets&quot;,&quot;speed&quot;:500,&quot;autoplay&quot;:&quot;yes&quot;,&quot;autoplay_speed&quot;:5000,&quot;loop&quot;:&quot;yes&quot;,&quot;pause_on_hover&quot;:&quot;yes&quot;,&quot;pause_on_interaction&quot;:&quot;yes&quot;,&quot;space_between&quot;:{&quot;unit&quot;:&quot;px&quot;,&quot;size&quot;:10,&quot;sizes&quot;:[]},&quot;space_between_tablet&quot;:{&quot;unit&quot;:&quot;px&quot;,&quot;size&quot;:10,&quot;sizes&quot;:[]},&quot;space_between_mobile&quot;:{&quot;unit&quot;:&quot;px&quot;,&quot;size&quot;:10,&quot;sizes&quot;:[]}}\" data-widget_type=\"media-carousel.default\">\n\t\t\t\t<div class=\"elementor-widget-container\">\n\t\t\t\t\t\t\t\t\t<div class=\"elementor-swiper\">\n\t\t\t\t\t<div class=\"elementor-main-swiper swiper\" role=\"region\" aria-roledescription=\"carousel\" aria-label=\"Slides\">\n\t\t\t\t<div class=\"swiper-wrapper\">\n\t\t\t\t\t\t\t\t\t\t\t<div class=\"swiper-slide\" role=\"group\" aria-roledescription=\"slide\">\n\t\t\t\t\t\t\t\t\t<div class=\"elementor-carousel-image\" role=\"img\" aria-label=\"ANALISIS-9\" style=\"background-image: url(&#039;https:\/\/observatorioagro.gob.bo\/wp-content\/uploads\/2025\/06\/ANALISIS-9.jpeg&#039;)\">\n\n\t\t\t\n\t\t\t\t\t<\/div>\n\t\t\t\t\t\t\t\t<\/div>\n\t\t\t\t\t\t\t\t\t\t\t<div class=\"swiper-slide\" role=\"group\" aria-roledescription=\"slide\">\n\t\t\t\t\t\t\t\t\t<div class=\"elementor-carousel-image\" role=\"img\" aria-label=\"ANALISIS-10-300x201\" style=\"background-image: url(&#039;https:\/\/observatorioagro.gob.bo\/wp-content\/uploads\/2025\/06\/ANALISIS-10-300x201-1.jpeg&#039;)\">\n\n\t\t\t\n\t\t\t\t\t<\/div>\n\t\t\t\t\t\t\t\t<\/div>\n\t\t\t\t\t\t\t\t\t\t\t<div class=\"swiper-slide\" role=\"group\" aria-roledescription=\"slide\">\n\t\t\t\t\t\t\t\t\t<div class=\"elementor-carousel-image\" role=\"img\" aria-label=\"ANALISIS-11-300x224\" style=\"background-image: url(&#039;https:\/\/observatorioagro.gob.bo\/wp-content\/uploads\/2025\/06\/ANALISIS-11-300x224-1.jpeg&#039;)\">\n\n\t\t\t\n\t\t\t\t\t<\/div>\n\t\t\t\t\t\t\t\t<\/div>\n\t\t\t\t\t\t\t\t\t\t\t<div class=\"swiper-slide\" role=\"group\" aria-roledescription=\"slide\">\n\t\t\t\t\t\t\t\t\t<div class=\"elementor-carousel-image\" role=\"img\" aria-label=\"ANALISIS-13-300x225\" style=\"background-image: url(&#039;https:\/\/observatorioagro.gob.bo\/wp-content\/uploads\/2025\/06\/ANALISIS-13-300x225-1.jpeg&#039;)\">\n\n\t\t\t\n\t\t\t\t\t<\/div>\n\t\t\t\t\t\t\t\t<\/div>\n\t\t\t\t\t\t\t\t\t\t\t<div class=\"swiper-slide\" role=\"group\" aria-roledescription=\"slide\">\n\t\t\t\t\t\t\t\t\t<div class=\"elementor-carousel-image\" role=\"img\" aria-label=\"ANALISIS-2-1024x460\" style=\"background-image: url(&#039;https:\/\/observatorioagro.gob.bo\/wp-content\/uploads\/2025\/06\/ANALISIS-2-1024x460-1.jpeg&#039;)\">\n\n\t\t\t\n\t\t\t\t\t<\/div>\n\t\t\t\t\t\t\t\t<\/div>\n\t\t\t\t\t\t\t\t\t<\/div>\n\t\t\t\t\t\t\t\t\t\t\t\t\t\t\t<div class=\"elementor-swiper-button elementor-swiper-button-prev\" role=\"button\" tabindex=\"0\" aria-label=\"Previous\">\n\t\t\t\t\t\t\t<svg aria-hidden=\"true\" class=\"e-font-icon-svg e-eicon-chevron-left\" viewBox=\"0 0 1000 1000\" xmlns=\"http:\/\/www.w3.org\/2000\/svg\"><path d=\"M646 125C629 125 613 133 604 142L308 442C296 454 292 471 292 487 292 504 296 521 308 533L604 854C617 867 629 875 646 875 663 875 679 871 692 858 704 846 713 829 713 812 713 796 708 779 692 767L438 487 692 225C700 217 708 204 708 187 708 171 704 154 692 142 675 129 663 125 646 125Z\"><\/path><\/svg>\t\t\t\t\t\t<\/div>\n\t\t\t\t\t\t<div class=\"elementor-swiper-button elementor-swiper-button-next\" role=\"button\" tabindex=\"0\" aria-label=\"Next\">\n\t\t\t\t\t\t\t<svg aria-hidden=\"true\" class=\"e-font-icon-svg e-eicon-chevron-right\" viewBox=\"0 0 1000 1000\" xmlns=\"http:\/\/www.w3.org\/2000\/svg\"><path d=\"M696 533C708 521 713 504 713 487 713 471 708 454 696 446L400 146C388 133 375 125 354 125 338 125 325 129 313 142 300 154 292 171 292 187 292 204 296 221 308 233L563 492 304 771C292 783 288 800 288 817 288 833 296 850 308 863 321 871 338 875 354 875 371 875 388 867 400 854L696 533Z\"><\/path><\/svg>\t\t\t\t\t\t<\/div>\n\t\t\t\t\t\t\t\t\t\t\t\t\t\t\t\t<div class=\"swiper-pagination\"><\/div>\n\t\t\t\t\t\t\t\t\t\t\t\t<\/div>\n\t\t\t\t<\/div>\n\t\t\t\t\t\t\t\t<\/div>\n\t\t\t\t<\/div>\n\t\t\t\t<div class=\"elementor-element elementor-element-b11aa0f elementor-widget elementor-widget-heading\" data-id=\"b11aa0f\" data-element_type=\"widget\" data-widget_type=\"heading.default\">\n\t\t\t\t<div class=\"elementor-widget-container\">\n\t\t\t\t\t<h2 class=\"elementor-heading-title elementor-size-default\">Productos Monitorados\nAgricolas<\/h2>\t\t\t\t<\/div>\n\t\t\t\t<\/div>\n\t\t\t\t<div class=\"elementor-element elementor-element-03d9ce6 elementor-widget__width-initial elementor-widget elementor-widget-html\" data-id=\"03d9ce6\" data-element_type=\"widget\" data-widget_type=\"html.default\">\n\t\t\t\t<div class=\"elementor-widget-container\">\n\t\t\t\t\t<style>\n.tablas-agro-container {\n  display: flex;\n  flex-wrap: wrap;\n  gap: 15px;\n  justify-content: center;\n  max-width: 1200px;\n  margin: 0 auto;\n  padding: 20px;\n}\n\n.tabla-agro-contenedor {\n  flex: 1 1 300px;\n  max-width: 350px;\n  min-width: 300px;\n  overflow: hidden;\n  background: white;\n}\n\n\n.tabla-agro {\n  width: 100%;\n  border-collapse: collapse;\n  table-layout: fixed;\n  font-size: 16px;\n}\n\n.tabla-agro th {\n  background-color: #FFE599  !important;\n  font-weight: bold;\n  text-align: center;\n  padding: 12px 8px;\n  border: 1px solid #000;\n  font-size: 18px;\n}\n\n.tabla-pecuario th {\n  background-color: #D9EAD3 !important;\n}\n\n.tabla-agro td {\n  border: 1px solid #000;\n  padding: 10px 8px;\n  text-align: center;\n  word-wrap: break-word;\n  height: 50px;\n  vertical-align: middle;\n}\n\n.tabla-agro td, .tabla-agro th {\n  width: 33.33%;\n}\n\n.categoria-agro-header {\n  width: 100%;\n  text-align: center;\n  margin: 40px 0 20px;\n  font-size: 22px;\n  color: #2c3e50;\n  font-weight: bold;\n  border-bottom: 2px solid #3498db;\n  padding-bottom: 10px;\n}\n\n.categoria-agro-section {\n  margin-bottom: 40px;\n}\n\n.titulo-principal {\n  text-align: center;\n  color: #2c3e50;\n  margin-bottom: 30px;\n  font-size: 28px;\n  padding-top: 20px;\n}\n\n\/* Media queries para responsividad *\/\n@media (max-width: 768px) {\n  .tabla-agro-contenedor {\n    flex: 1 1 100%;\n    max-width: 100%;\n  }\n  \n  .tabla-agro {\n    font-size: 14px;\n  }\n  \n  .tabla-agro th {\n    font-size: 16px;\n  }\n}\n<\/style>\n\n<div class=\"tablas-agro-container\">\n  <div class=\"categoria-agro-section\">\n    <div class=\"tablas-agro-container\">\n      <!-- Cereales -->\n      <div class=\"tabla-agro-contenedor\">\n        <table class=\"tabla-agro\">\n          <tr><th colspan=\"3\">Cereales<\/th><\/tr>\n          <tr><td>Arroz con c\u00e1scara<\/td><td>Ma\u00edz en grano<\/td><td>Avena, Ca\u00f1ahua<\/td><\/tr>\n          <tr><td>Quinua<\/td><td>Cebada en grano<\/td><td>Sorgo en grano<\/td><\/tr>\n          <tr><td>Centeno<\/td><td>Trigo<\/td><td><\/td><\/tr>\n        <\/table>\n      <\/div>\n\n      <!-- Estimulantes -->\n      <div class=\"tabla-agro-contenedor\">\n        <table class=\"tabla-agro\">\n          <tr><th colspan=\"3\">Estimulantes<\/th><\/tr>\n          <tr><td>Cacao<\/td><td>T\u00e9<\/td><td>Caf\u00e9<\/td><\/tr>\n        <\/table>\n      <\/div>\n\n      <!-- Frutales -->\n      <div class=\"tabla-agro-contenedor\">\n        <table class=\"tabla-agro\">\n          <tr><th colspan=\"3\">Frutales<\/th><\/tr>\n          <tr><td>Banano<\/td><td>Membrillo<\/td><td>Ciruelo<\/td><\/tr>\n          <tr><td>Naranja<\/td><td>Chirimoya<\/td><td>Palta<\/td><\/tr>\n          <tr><td>Durazno<\/td><td>Papaya<\/td><td>Frutilla<\/td><\/tr>\n          <tr><td>Pera<\/td><td>Guinda<\/td><td>Pi\u00f1a<\/td><\/tr>\n          <tr><td>Higo<\/td><td>Pl\u00e1tano<\/td><td>Lima<\/td><\/tr>\n          <tr><td>Pomelo<\/td><td>Lim\u00f3n<\/td><td>Sand\u00eda<\/td><\/tr>\n          <tr><td>Mandarina<\/td><td>Tuna<\/td><td>Manga<\/td><\/tr>\n          <tr><td>Uva<\/td><td>Manzana<\/td><td><\/td><\/tr>\n        <\/table>\n      <\/div>\n\n      <!-- Hortalizas -->\n      <div class=\"tabla-agro-contenedor\">\n        <table class=\"tabla-agro\">\n          <tr><th colspan=\"3\">Hortalizas<\/th><\/tr>\n          <tr><td>Aj\u00ed<\/td><td>Locoto<\/td><td>Ajo<\/td><\/tr>\n          <tr><td>Ma\u00edz<\/td><td>Arveja<\/td><td>Choclo<\/td><\/tr>\n          <tr><td>Beterraga<\/td><td>Pepino<\/td><td>Cebolla<\/td><\/tr>\n          <tr><td>R\u00e1bano<\/td><td>Coliflor<\/td><td>Repollo<\/td><\/tr>\n          <tr><td>Frijol<\/td><td>Tomate<\/td><td>Garbanzo<\/td><\/tr>\n          <tr><td>Vainitas<\/td><td>Haba<\/td><td>Zanahoria<\/td><\/tr>\n          <tr><td>Lechuga<\/td><td>Zapallo<\/td><td><\/td><\/tr>\n        <\/table>\n      <\/div>\n\n      <!-- Oleaginosas e Industriales -->\n      <div class=\"tabla-agro-contenedor\">\n        <table class=\"tabla-agro\">\n          <tr><th colspan=\"3\">Oleaginosas e Industriales<\/th><\/tr>\n          <tr><td>Achiote<\/td><td>Man\u00ed<\/td><td>Algod\u00f3n<\/td><\/tr>\n          <tr><td>S\u00e9samo<\/td><td>Ca\u00f1a de Az\u00facar<\/td><td>Soya<\/td><\/tr>\n          <tr><td>Ch\u00eda<\/td><td>Tabaco<\/td><td>Girasol<\/td><\/tr>\n        <\/table>\n      <\/div>\n\n      <!-- Tub\u00e9rculos y ra\u00edces -->\n      <div class=\"tabla-agro-contenedor\">\n        <table class=\"tabla-agro\">\n          <tr><th colspan=\"3\">Tub\u00e9rculos y ra\u00edces<\/th><\/tr>\n          <tr><td>Camote<\/td><td>Papaliza<\/td><td>Hualuza<\/td><\/tr>\n          <tr><td>Racacha<\/td><td>Oca<\/td><td>Yuca<\/td><\/tr>\n          <tr><td>Papa<\/td><td><\/td><td><\/td><\/tr>\n        <\/table>\n      <\/div>\n\n      <!-- Forrajes -->\n      <div class=\"tabla-agro-contenedor\">\n        <table class=\"tabla-agro\">\n          <tr><th colspan=\"3\">Forrajes<\/th><\/tr>\n          <tr><td>Alfalfa<\/td><td>Cebada Berza<\/td><td>Avena berza<\/td><\/tr>\n        <\/table>\n      <\/div>\n    <\/div>\n  <\/div>\n  <div class=\"categoria-agro-section\">\n    <div class=\"tablas-agro-container\">\n      <!-- Pecuario -->\n      <div class=\"tabla-agro-contenedor\">\n        <table class=\"tabla-agro tabla-pecuario\">\n          <tr><th colspan=\"3\">Pecuario<\/th><\/tr>\n          <tr><td>Carne de res<\/td><td>Fibra de alpaca<\/td><td>Carne de llama<\/td><\/tr>\n          <tr><td>Fibra de llama<\/td><td>Leche bovina<\/td><td>Lana de ovino<\/td><\/tr>\n          <tr><td>Leche caprina<\/td><td><\/td><td><\/td><\/tr>\n        <\/table>\n      <\/div>\n\n      <!-- Av\u00edcola -->\n      <div class=\"tabla-agro-contenedor\">\n        <table class=\"tabla-agro tabla-pecuario\">\n          <tr><th colspan=\"3\">Av\u00edcola<\/th><\/tr>\n          <tr><td>Carne de pollo<\/td><td>Huevo<\/td><td><\/td><\/tr>\n        <\/table>\n      <\/div>\n    <\/div>\n  <\/div>\n<\/div>\t\t\t\t<\/div>\n\t\t\t\t<\/div>\n\t\t\t\t<\/div>\n\t\t<div class=\"elementor-element elementor-element-d6a549f e-con-full e-flex e-con e-child\" data-id=\"d6a549f\" data-element_type=\"container\">\n\t\t<div class=\"elementor-element elementor-element-ff07044 e-con-full elementor-hidden-tablet elementor-hidden-mobile e-flex e-con e-child\" data-id=\"ff07044\" data-element_type=\"container\" data-settings=\"{&quot;background_background&quot;:&quot;classic&quot;}\">\n\t\t\t\t<div class=\"elementor-element elementor-element-2a300ee elementor-widget elementor-widget-facebook-page\" data-id=\"2a300ee\" data-element_type=\"widget\" data-widget_type=\"facebook-page.default\">\n\t\t\t\t<div class=\"elementor-widget-container\">\n\t\t\t\t\t<div class=\"elementor-facebook-widget fb-page\" data-href=\"https:\/\/www.facebook.com\/oapmdryt\" data-tabs=\"timeline\" data-height=\"841px\" data-width=\"500px\" data-small-header=\"false\" data-hide-cover=\"false\" data-show-facepile=\"false\" data-hide-cta=\"false\" style=\"min-height: 1px;height:841px\"><\/div>\t\t\t\t<\/div>\n\t\t\t\t<\/div>\n\t\t\t\t<div class=\"elementor-element elementor-element-51fd850 elementor-widget elementor-widget-heading\" data-id=\"51fd850\" data-element_type=\"widget\" data-widget_type=\"heading.default\">\n\t\t\t\t<div class=\"elementor-widget-container\">\n\t\t\t\t\t<h3 class=\"elementor-heading-title elementor-size-default\">Noticias<\/h3>\t\t\t\t<\/div>\n\t\t\t\t<\/div>\n\t\t\t\t<div class=\"elementor-element elementor-element-dc04f54 elementor-grid-1 elementor-grid-tablet-2 elementor-grid-mobile-1 elementor-posts--thumbnail-top elementor-widget elementor-widget-posts\" data-id=\"dc04f54\" data-element_type=\"widget\" data-settings=\"{&quot;classic_columns&quot;:&quot;1&quot;,&quot;classic_columns_tablet&quot;:&quot;2&quot;,&quot;classic_columns_mobile&quot;:&quot;1&quot;,&quot;classic_row_gap&quot;:{&quot;unit&quot;:&quot;px&quot;,&quot;size&quot;:35,&quot;sizes&quot;:[]},&quot;classic_row_gap_tablet&quot;:{&quot;unit&quot;:&quot;px&quot;,&quot;size&quot;:&quot;&quot;,&quot;sizes&quot;:[]},&quot;classic_row_gap_mobile&quot;:{&quot;unit&quot;:&quot;px&quot;,&quot;size&quot;:&quot;&quot;,&quot;sizes&quot;:[]}}\" data-widget_type=\"posts.classic\">\n\t\t\t\t<div class=\"elementor-widget-container\">\n\t\t\t\t\t\t\t<div class=\"elementor-posts-container elementor-posts elementor-posts--skin-classic elementor-grid\" role=\"list\">\n\t\t\t\t<article class=\"elementor-post elementor-grid-item post-3755 post type-post status-publish format-standard has-post-thumbnail hentry category-uncategorized\" role=\"listitem\">\n\t\t\t\t<a class=\"elementor-post__thumbnail__link\" href=\"https:\/\/observatorioagro.gob.bo\/?p=3755\" tabindex=\"-1\" >\n\t\t\t<div class=\"elementor-post__thumbnail\"><img decoding=\"async\" width=\"300\" height=\"199\" src=\"https:\/\/observatorioagro.gob.bo\/wp-content\/uploads\/2025\/09\/ganado.jpg\" class=\"attachment-medium size-medium wp-image-3759\" alt=\"\" \/><\/div>\n\t\t<\/a>\n\t\t\t\t<div class=\"elementor-post__text\">\n\t\t\t\t<h3 class=\"elementor-post__title\">\n\t\t\t<a href=\"https:\/\/observatorioagro.gob.bo\/?p=3755\" >\n\t\t\t\tMinisterio de Desarrollo Rural y Tierras (MDRyT) beneficia a 250 peque\u00f1os productores de Palos Blancos con la entrega de vaquillas y toros reproductores\t\t\t<\/a>\n\t\t<\/h3>\n\t\t\t\t<div class=\"elementor-post__meta-data\">\n\t\t\t\t\t<span class=\"elementor-post-date\">\n\t\t\tseptiembre 10, 2025\t\t<\/span>\n\t\t\t\t<span class=\"elementor-post-avatar\">\n\t\t\tNo hay comentarios\t\t<\/span>\n\t\t\t\t<\/div>\n\t\t\t\t<div class=\"elementor-post__excerpt\">\n\t\t\t<p>Comunicaci\u00f3n MDRyt &#8211; La Paz, Bolivia &#8211;\u00a0 8 de septiembre de 2025. Con una inversi\u00f3n de Bs 853.225, el Gobierno del presidente Lucho Arce a<\/p>\n\t\t<\/div>\n\t\t\n\t\t<a class=\"elementor-post__read-more\" href=\"https:\/\/observatorioagro.gob.bo\/?p=3755\" aria-label=\"Read more about Ministerio de Desarrollo Rural y Tierras (MDRyT) beneficia a 250 peque\u00f1os productores de Palos Blancos con la entrega de vaquillas y toros reproductores\" tabindex=\"-1\" >\n\t\t\tRead More \u00bb\t\t<\/a>\n\n\t\t\t\t<\/div>\n\t\t\t\t<\/article>\n\t\t\t\t<article class=\"elementor-post elementor-grid-item post-3747 post type-post status-publish format-standard has-post-thumbnail hentry category-uncategorized\" role=\"listitem\">\n\t\t\t\t<a class=\"elementor-post__thumbnail__link\" href=\"https:\/\/observatorioagro.gob.bo\/?p=3747\" tabindex=\"-1\" >\n\t\t\t<div class=\"elementor-post__thumbnail\"><img decoding=\"async\" width=\"300\" height=\"225\" src=\"https:\/\/observatorioagro.gob.bo\/wp-content\/uploads\/2025\/09\/laboratorio-iniaf.jpg\" class=\"attachment-medium size-medium wp-image-3751\" alt=\"\" \/><\/div>\n\t\t<\/a>\n\t\t\t\t<div class=\"elementor-post__text\">\n\t\t\t\t<h3 class=\"elementor-post__title\">\n\t\t\t<a href=\"https:\/\/observatorioagro.gob.bo\/?p=3747\" >\n\t\t\t\tTras auditoria internacional INIAF ratifica acreditaci\u00f3n para avalar exportaci\u00f3n de semillas\t\t\t<\/a>\n\t\t<\/h3>\n\t\t\t\t<div class=\"elementor-post__meta-data\">\n\t\t\t\t\t<span class=\"elementor-post-date\">\n\t\t\tseptiembre 10, 2025\t\t<\/span>\n\t\t\t\t<span class=\"elementor-post-avatar\">\n\t\t\tNo hay comentarios\t\t<\/span>\n\t\t\t\t<\/div>\n\t\t\t\t<div class=\"elementor-post__excerpt\">\n\t\t\t<p>Comunicaci\u00f3n MDRyt &#8211; Santa Cruz, Bolivia &#8211;\u00a0 9 de septiembre de 2025. El organismo de referencia mundial en an\u00e1lisis de semillas, International Seed Testing Association<\/p>\n\t\t<\/div>\n\t\t\n\t\t<a class=\"elementor-post__read-more\" href=\"https:\/\/observatorioagro.gob.bo\/?p=3747\" aria-label=\"Read more about Tras auditoria internacional INIAF ratifica acreditaci\u00f3n para avalar exportaci\u00f3n de semillas\" tabindex=\"-1\" >\n\t\t\tRead More \u00bb\t\t<\/a>\n\n\t\t\t\t<\/div>\n\t\t\t\t<\/article>\n\t\t\t\t<\/div>\n\t\t\n\t\t\t\t\t\t<\/div>\n\t\t\t\t<\/div>\n\t\t\t\t<\/div>\n\t\t\t\t<\/div>\n\t\t\t\t<\/div>\n\t\t\t\t<\/div>\n\t\t","protected":false},"excerpt":{"rendered":"<p>An\u00e1lisis e Investigaci\u00f3n Aplicada El \u00e1rea de An\u00e1lisis e Investigaci\u00f3n Aplicada, del Observatorio Agroambiental y Productivo (OAP) del Ministerio de Desarrollo Rural y Tierras (MDRyT), elabora estudios y documentos estad\u00edsticos basados en informaci\u00f3n de la producci\u00f3n agr\u00edcola y pecuaria. Esta informaci\u00f3n se recopila mediante trabajos de campo en zonas de cultivos estrat\u00e9gicos y a partir [&hellip;]<\/p>\n","protected":false},"author":1,"featured_media":0,"parent":0,"menu_order":0,"comment_status":"closed","ping_status":"closed","template":"","meta":{"footnotes":""},"class_list":["post-695","page","type-page","status-publish","hentry"],"_links":{"self":[{"href":"https:\/\/observatorioagro.gob.bo\/index.php?rest_route=\/wp\/v2\/pages\/695","targetHints":{"allow":["GET"]}}],"collection":[{"href":"https:\/\/observatorioagro.gob.bo\/index.php?rest_route=\/wp\/v2\/pages"}],"about":[{"href":"https:\/\/observatorioagro.gob.bo\/index.php?rest_route=\/wp\/v2\/types\/page"}],"author":[{"embeddable":true,"href":"https:\/\/observatorioagro.gob.bo\/index.php?rest_route=\/wp\/v2\/users\/1"}],"replies":[{"embeddable":true,"href":"https:\/\/observatorioagro.gob.bo\/index.php?rest_route=%2Fwp%2Fv2%2Fcomments&post=695"}],"version-history":[{"count":46,"href":"https:\/\/observatorioagro.gob.bo\/index.php?rest_route=\/wp\/v2\/pages\/695\/revisions"}],"predecessor-version":[{"id":1069,"href":"https:\/\/observatorioagro.gob.bo\/index.php?rest_route=\/wp\/v2\/pages\/695\/revisions\/1069"}],"wp:attachment":[{"href":"https:\/\/observatorioagro.gob.bo\/index.php?rest_route=%2Fwp%2Fv2%2Fmedia&parent=695"}],"curies":[{"name":"wp","href":"https:\/\/api.w.org\/{rel}","templated":true}]}}