{"id":947,"date":"2025-06-22T01:33:50","date_gmt":"2025-06-22T01:33:50","guid":{"rendered":"http:\/\/web.observatorioagro.gob.bo\/?page_id=947"},"modified":"2025-07-01T15:03:09","modified_gmt":"2025-07-01T15:03:09","slug":"agropecuaria","status":"publish","type":"page","link":"https:\/\/observatorioagro.gob.bo\/?page_id=947","title":{"rendered":"Agropecuaria"},"content":{"rendered":"\t\t<div data-elementor-type=\"wp-page\" data-elementor-id=\"947\" class=\"elementor elementor-947\" data-elementor-post-type=\"page\">\n\t\t\t\t<div class=\"elementor-element elementor-element-061f4f8 e-flex e-con-boxed e-con e-parent\" data-id=\"061f4f8\" data-element_type=\"container\" data-settings=\"{&quot;background_background&quot;:&quot;classic&quot;}\">\n\t\t\t\t\t<div class=\"e-con-inner\">\n\t\t\t\t<div class=\"elementor-element elementor-element-d153adf elementor-widget elementor-widget-heading\" data-id=\"d153adf\" data-element_type=\"widget\" data-widget_type=\"heading.default\">\n\t\t\t\t<div class=\"elementor-widget-container\">\n\t\t\t\t\t<h1 class=\"elementor-heading-title elementor-size-default\">Estad\u00edsticas del Sector Agr\u00edcola<\/h1>\t\t\t\t<\/div>\n\t\t\t\t<\/div>\n\t\t\t\t<div class=\"elementor-element elementor-element-3738ac5 elementor-widget elementor-widget-text-editor\" data-id=\"3738ac5\" data-element_type=\"widget\" data-widget_type=\"text-editor.default\">\n\t\t\t\t<div class=\"elementor-widget-container\">\n\t\t\t\t\t\t\t\t\t<p class=\"western\" style=\"padding-left: 40px;\"><span style=\"font-family: Roboto;\"><span lang=\"es-BO\">El sector agr\u00edcola se constituye en una de las actividades m\u00e1s relevantes para promover el desarrollo rural, como parte del sector primario, desempe\u00f1a un papel importante en la seguridad alimentaria.<\/span><\/span><\/p><h2 class=\"western\"><span style=\"font-family: Roboto;\"><span lang=\"es-BO\"><b>Objetivos<\/b><\/span><\/span><\/h2><p class=\"western\" style=\"padding-left: 40px;\"><span style=\"font-family: Roboto;\"><span lang=\"es-BO\">Generar, recopilar, sistematizar y analizar informaci\u00f3n confiable y oportuna relacionada al sector agr\u00edcola enmarcada en las existencias y producci\u00f3n de cereales, estimulantes, frutales, hortalizas, oleaginosas e industriales, tub\u00e9rculos y ra\u00edces y forrajes a nivel nacional y departamental, para la toma de decisiones, formulaci\u00f3n de pol\u00edticas p\u00fablicas y planificaci\u00f3n del desarrollo del sector.<\/span><\/span><\/p><h2 class=\"western\"><span style=\"font-family: Roboto;\"><span lang=\"es-BO\"><b>Alcances<\/b><\/span><\/span><\/h2><p class=\"western\" style=\"padding-left: 40px;\"><span style=\"font-family: Roboto;\"><span lang=\"es-BO\">La informaci\u00f3n estad\u00edstica del sector agr\u00edcola disponible en esta plataforma tiene una cobertura a nivel departamental y nacional con series actualizadas desde el a\u00f1o agr\u00edcola 1983-1985 hasta el a\u00f1o agr\u00edcola 2023-2024(p), la informaci\u00f3n comprende datos de superficie, producci\u00f3n y rendimiento. <\/span><\/span><\/p><p class=\"western\" style=\"padding-left: 40px;\"><span style=\"font-family: Roboto;\"><span lang=\"es-BO\">Para la cuantificaci\u00f3n de la informaci\u00f3n estad\u00edstica del sector agr\u00edcola, se realizan encuestas de evaluaci\u00f3n de la cosecha y de intenci\u00f3n de siembra para productos estrat\u00e9gicos, adem\u00e1s se consideran fuentes como el Censo Nacional Agropecuario 2013, la Encuesta Nacional Agropecuaria 2015 y registros administrativos.<\/span><\/span><\/p><h2 class=\"western\"><span style=\"font-family: Roboto;\"><span lang=\"es-BO\"><b>Resultados <\/b><\/span><\/span><\/h2><p class=\"western\" style=\"padding-left: 40px;\"><span style=\"font-family: Roboto;\"><span lang=\"es-BO\">El Observatorio Agroambiental y Productivo (OAP) consolida la serie estad\u00edstica del sector agr\u00edcola en coordinaci\u00f3n con el INE (Instituto Nacional de Estad\u00edsticas), presenta estad\u00edsticas de superficie, producci\u00f3n y rendimiento de 65 cultivos a nivel nacional y por departamento.<\/span><\/span><\/p><p class=\"western\" lang=\"es-BO\">\u00a0<\/p>\t\t\t\t\t\t\t\t<\/div>\n\t\t\t\t<\/div>\n\t\t\t\t<div class=\"elementor-element elementor-element-997531d elementor-widget elementor-widget-heading\" data-id=\"997531d\" data-element_type=\"widget\" data-widget_type=\"heading.default\">\n\t\t\t\t<div class=\"elementor-widget-container\">\n\t\t\t\t\t<h1 class=\"elementor-heading-title elementor-size-default\">Estadisticas del Sector Pecuario<\/h1>\t\t\t\t<\/div>\n\t\t\t\t<\/div>\n\t\t\t\t<div class=\"elementor-element elementor-element-87a4773 elementor-widget elementor-widget-text-editor\" data-id=\"87a4773\" data-element_type=\"widget\" data-widget_type=\"text-editor.default\">\n\t\t\t\t<div class=\"elementor-widget-container\">\n\t\t\t\t\t\t\t\t\t<p class=\"western\" style=\"padding-left: 40px;\"><span lang=\"es-BO\">El sector pecuario se constituye en una de las actividades m\u00e1s relevantes para promover el desarrollo rural, como parte del sector primario, desempe\u00f1a un papel importante en la seguridad alimentaria desde sistemas que abarcan desde sistemas intensivos hasta lo tradicional, a trav\u00e9s de estos sistemas se obtiene diferentes productos de origen animal como carne, leche, huevos, lana, cuero y fibra.<\/span><\/p><h2 class=\"western\"><span style=\"font-family: Roboto;\"><span lang=\"es-BO\"><b>Objetivos<\/b><\/span><\/span><\/h2><p class=\"western\" style=\"padding-left: 40px;\"><span lang=\"es-BO\">Generar, recopilar, sistematizar y analizar informaci\u00f3n confiable y oportuna relacionada al sector pecuario enmarcada en las existencias y producci\u00f3n de ganado bovino, porcino, ovino, cam\u00e9lidos (llamas y alpacas), caprinos y aves (engorde y postura) a nivel nacional y departamental, para la toma de decisiones, formulaci\u00f3n de pol\u00edticas p\u00fablicas y planificaci\u00f3n del desarrollo del sector.<\/span><\/p><h2 class=\"western\"><span lang=\"es-BO\"><b>Alcances<\/b><\/span><\/h2><p class=\"western\" style=\"padding-left: 40px;\"><span lang=\"es-BO\">La informaci\u00f3n estad\u00edstica del sector pecuario disponibles en esta plataforma abarca a nivel departamental y nacional con series actualizadas desde la gesti\u00f3n 2000 hasta 2024, la informaci\u00f3n comprende datos desde la cantidad de animales por especie bovinos, porcinos, ovinos, caprinos, cam\u00e9lidos (llamas y alpacas) y aves (engorde y postura), as\u00ed como la producci\u00f3n de carne, leche, huevos, lana, cuero y fibra seg\u00fan corresponda por especie. <\/span><\/p><p class=\"western\" style=\"padding-left: 40px;\"><span lang=\"es-BO\">Para el desarrollo de la informaci\u00f3n estad\u00edstica del sector pecuario, se base principalmente en los registros administrativos del sistema GRAN PAITITI del SENASAG, adem\u00e1s de fuentes como el Censo Nacional Agropecuario 2013 y la Encuesta Nacional Agropecuaria 2015.<\/span><\/p><h2><strong>Resultados<\/strong><\/h2><p style=\"padding-left: 40px;\">El Observatorio Agroambiental y Productivo (OAP) consolida la serie estad\u00edstica en coordinaci\u00f3n con el INE (Instituto Nacional de Estad\u00edsticas), sobre la informaci\u00f3n de la secci\u00f3n pecuaria, presenta estad\u00edsticas de existencias de ganado y producci\u00f3n por especie desde el a\u00f1o 2000 al 2024, de acuerdo al siguiente detalle<\/p><p class=\"western\" lang=\"es-BO\">\u00a0<\/p>\t\t\t\t\t\t\t\t<\/div>\n\t\t\t\t<\/div>\n\t\t\t\t\t<\/div>\n\t\t\t\t<\/div>\n\t\t\t\t<\/div>\n\t\t","protected":false},"excerpt":{"rendered":"<p>Estad\u00edsticas del Sector Agr\u00edcola El sector agr\u00edcola se constituye en una de las actividades m\u00e1s relevantes para promover el desarrollo rural, como parte del sector primario, desempe\u00f1a un papel importante en la seguridad alimentaria. Objetivos Generar, recopilar, sistematizar y analizar informaci\u00f3n confiable y oportuna relacionada al sector agr\u00edcola enmarcada en las existencias y producci\u00f3n de [&hellip;]<\/p>\n","protected":false},"author":1,"featured_media":0,"parent":0,"menu_order":0,"comment_status":"closed","ping_status":"closed","template":"","meta":{"footnotes":""},"class_list":["post-947","page","type-page","status-publish","hentry"],"_links":{"self":[{"href":"https:\/\/observatorioagro.gob.bo\/index.php?rest_route=\/wp\/v2\/pages\/947","targetHints":{"allow":["GET"]}}],"collection":[{"href":"https:\/\/observatorioagro.gob.bo\/index.php?rest_route=\/wp\/v2\/pages"}],"about":[{"href":"https:\/\/observatorioagro.gob.bo\/index.php?rest_route=\/wp\/v2\/types\/page"}],"author":[{"embeddable":true,"href":"https:\/\/observatorioagro.gob.bo\/index.php?rest_route=\/wp\/v2\/users\/1"}],"replies":[{"embeddable":true,"href":"https:\/\/observatorioagro.gob.bo\/index.php?rest_route=%2Fwp%2Fv2%2Fcomments&post=947"}],"version-history":[{"count":16,"href":"https:\/\/observatorioagro.gob.bo\/index.php?rest_route=\/wp\/v2\/pages\/947\/revisions"}],"predecessor-version":[{"id":1472,"href":"https:\/\/observatorioagro.gob.bo\/index.php?rest_route=\/wp\/v2\/pages\/947\/revisions\/1472"}],"wp:attachment":[{"href":"https:\/\/observatorioagro.gob.bo\/index.php?rest_route=%2Fwp%2Fv2%2Fmedia&parent=947"}],"curies":[{"name":"wp","href":"https:\/\/api.w.org\/{rel}","templated":true}]}}